{"id":3758,"date":"2023-08-24T21:48:05","date_gmt":"2023-08-24T19:48:05","guid":{"rendered":"https:\/\/cellercornudella.cat\/the-building\/"},"modified":"2025-01-30T19:52:58","modified_gmt":"2025-01-30T17:52:58","slug":"the-building","status":"publish","type":"page","link":"https:\/\/cellercornudella.cat\/en\/the-building\/","title":{"rendered":"The building"},"content":{"rendered":"<p>[et_pb_section fb_built=&#8221;1&#8243; _builder_version=&#8221;4.22.1&#8243; _module_preset=&#8221;default&#8221; global_colors_info=&#8221;{}&#8221;][et_pb_row _builder_version=&#8221;4.22.1&#8243; _module_preset=&#8221;default&#8221; width=&#8221;100%&#8221; max_width=&#8221;80%&#8221; global_colors_info=&#8221;{}&#8221;][et_pb_column type=&#8221;4_4&#8243; _builder_version=&#8221;4.22.1&#8243; _module_preset=&#8221;default&#8221; global_colors_info=&#8221;{}&#8221;][et_pb_post_title meta=&#8221;off&#8221; featured_image=&#8221;off&#8221; _builder_version=&#8221;4.22.1&#8243; _module_preset=&#8221;default&#8221; title_font=&#8221;Alata|700||on|||||&#8221; title_text_align=&#8221;center&#8221; title_font_size=&#8221;50px&#8221; title_letter_spacing=&#8221;2px&#8221; custom_margin=&#8221;||5px||false|false&#8221; global_colors_info=&#8221;{}&#8221;][\/et_pb_post_title][et_pb_divider color=&#8221;#333333&#8243; divider_weight=&#8221;2px&#8221; _builder_version=&#8221;4.22.1&#8243; _module_preset=&#8221;default&#8221; width=&#8221;25%&#8221; module_alignment=&#8221;center&#8221; global_colors_info=&#8221;{}&#8221;][\/et_pb_divider][et_pb_image src=&#8221;https:\/\/cellercornudella.cat\/wp-content\/uploads\/2023\/08\/CELLER_-4.jpg&#8221; title_text=&#8221;CELLAR_-4&#8243; _builder_version=&#8221;4.22.1&#8243; _module_preset=&#8221;default&#8221; global_colors_info=&#8221;{}&#8221;][\/et_pb_image][\/et_pb_column][\/et_pb_row][et_pb_row column_structure=&#8221;1_2,1_2&#8243; make_equal=&#8221;on&#8221; _builder_version=&#8221;4.22.1&#8243; _module_preset=&#8221;default&#8221; width=&#8221;100%&#8221; max_width=&#8221;80%&#8221; custom_css_main_element=&#8221;align-items:center;&#8221; global_colors_info=&#8221;{}&#8221;][et_pb_column type=&#8221;1_2&#8243; _builder_version=&#8221;4.22.1&#8243; _module_preset=&#8221;default&#8221; global_colors_info=&#8221;{}&#8221;][et_pb_text _builder_version=&#8221;4.22.1&#8243; _module_preset=&#8221;default&#8221; header_font=&#8221;Alata|700|||||||&#8221; custom_margin=&#8221;||20px||false|false&#8221; global_colors_info=&#8221;{}&#8221;]<\/p>\n<h1>ARCHITECTURAL CHARACTERISTICS<\/h1>\n<p>[\/et_pb_text][et_pb_text _builder_version=&#8221;4.22.1&#8243; _module_preset=&#8221;default&#8221; text_line_height=&#8221;2em&#8221; header_font=&#8221;Alata||||||||&#8221; text_orientation=&#8221;justified&#8221; custom_margin=&#8221;||21px|||&#8221; global_colors_info=&#8221;{}&#8221;]<\/p>\n<p><span>The Celler Cooperatiu de Cornudella de Montsant is considered one of the &#8220;Cathedrals of Wine&#8221; that were erected in the Catalan territory, and especially in the province of Tarragona, between the years 1910 and 1920. These wineries were one of the clearest representations of modernism and noucentism in rural areas. Architecture at the service of farming. The main architects of these wineries were Pere Dom\u00e8nech i Roura (son of Llu\u00eds Dom\u00e8nech i Montaner) and C\u00e8sar Martinell (disciple of Antoni Gaud\u00ed).<\/span><\/p>\n<p><span>C\u00e8sar Martinell (1888-1973) thought up, for Cornudella and for many other towns, a completely rational and innovative winery. A complete building with great architectural spectacularity and at the same time enormous functionality.<\/span><\/p>\n<p><span><\/span><\/p>\n<p>[\/et_pb_text][\/et_pb_column][et_pb_column type=&#8221;1_2&#8243; _builder_version=&#8221;4.22.1&#8243; _module_preset=&#8221;default&#8221; global_colors_info=&#8221;{}&#8221;][et_pb_image src=&#8221;https:\/\/cellercornudella.cat\/wp-content\/uploads\/2023\/08\/celler-img-1922.jpg&#8221; title_text=&#8221;cellar-img-1922&#8243; _builder_version=&#8221;4.22.1&#8243; _module_preset=&#8221;default&#8221; global_colors_info=&#8221;{}&#8221;][\/et_pb_image][\/et_pb_column][\/et_pb_row][et_pb_row column_structure=&#8221;1_2,1_2&#8243; make_equal=&#8221;on&#8221; _builder_version=&#8221;4.22.1&#8243; _module_preset=&#8221;default&#8221; width=&#8221;100%&#8221; max_width=&#8221;80%&#8221; custom_css_main_element=&#8221;align-items:center;&#8221; global_colors_info=&#8221;{}&#8221;][et_pb_column type=&#8221;1_2&#8243; _builder_version=&#8221;4.22.1&#8243; _module_preset=&#8221;default&#8221; global_colors_info=&#8221;{}&#8221;][et_pb_image src=&#8221;https:\/\/cellercornudella.cat\/wp-content\/uploads\/2023\/08\/arqui-1.jpg&#8221; title_text=&#8221;archi-1&#8243; _builder_version=&#8221;4.22.1&#8243; _module_preset=&#8221;default&#8221; global_colors_info=&#8221;{}&#8221;][\/et_pb_image][\/et_pb_column][et_pb_column type=&#8221;1_2&#8243; _builder_version=&#8221;4.22.1&#8243; _module_preset=&#8221;default&#8221; global_colors_info=&#8221;{}&#8221;][et_pb_text _builder_version=&#8221;4.22.1&#8243; _module_preset=&#8221;default&#8221; text_line_height=&#8221;2em&#8221; header_font=&#8221;Alata||||||||&#8221; text_orientation=&#8221;justified&#8221; custom_margin=&#8221;||21px|||&#8221; global_colors_info=&#8221;{}&#8221;]<\/p>\n<p><span>On the main facade we highlight the native stone, the brick as a decorative \u2013 not only constructive \u2013 element, four low ventilation openings, the half-point opening and the magnificent upper area with eight rhomboidal windows on each side and three separate central ones by brick pilasters, which in the upper part form a latticework of exposed brick and decorated with polychrome glazed tiles.<\/span><\/p>\n<p><span><\/span><\/p>\n<p>[\/et_pb_text][\/et_pb_column][\/et_pb_row][et_pb_row column_structure=&#8221;1_2,1_2&#8243; make_equal=&#8221;on&#8221; _builder_version=&#8221;4.22.1&#8243; _module_preset=&#8221;default&#8221; width=&#8221;100%&#8221; max_width=&#8221;80%&#8221; custom_css_main_element=&#8221;align-items:center;&#8221; global_colors_info=&#8221;{}&#8221;][et_pb_column type=&#8221;1_2&#8243; _builder_version=&#8221;4.22.1&#8243; _module_preset=&#8221;default&#8221; global_colors_info=&#8221;{}&#8221;][et_pb_text _builder_version=&#8221;4.22.1&#8243; _module_preset=&#8221;default&#8221; text_line_height=&#8221;2em&#8221; header_font=&#8221;Alata||||||||&#8221; text_orientation=&#8221;justified&#8221; custom_margin=&#8221;||21px|||&#8221; global_colors_info=&#8221;{}&#8221;]<\/p>\n<p><span>The building consists of a central nave crowned with a gabled trussed roof built with wooden beams and covered with traditional Arabic tiles. The space can be divided into two large floors where the two levels of vats are located. The vats are distributed, on each of the floors, in rows of seven. A total of twenty-eight concrete vats make up Martinell&#8217;s original project, fourteen on each floor. As a peculiarity of this cellar, the pseudo-rectangular shape of the vats on the upper level stands out.<\/span><\/p>\n<p><span><\/span><\/p>\n<p>[\/et_pb_text][\/et_pb_column][et_pb_column type=&#8221;1_2&#8243; _builder_version=&#8221;4.22.1&#8243; _module_preset=&#8221;default&#8221; global_colors_info=&#8221;{}&#8221;][et_pb_image src=&#8221;https:\/\/cellercornudella.cat\/wp-content\/uploads\/2023\/08\/arqui-2.jpg&#8221; title_text=&#8221;archi-2&#8243; _builder_version=&#8221;4.22.1&#8243; _module_preset=&#8221;default&#8221; global_colors_info=&#8221;{}&#8221;][\/et_pb_image][\/et_pb_column][\/et_pb_row][et_pb_row column_structure=&#8221;1_2,1_2&#8243; make_equal=&#8221;on&#8221; _builder_version=&#8221;4.22.1&#8243; _module_preset=&#8221;default&#8221; width=&#8221;100%&#8221; max_width=&#8221;80%&#8221; custom_css_main_element=&#8221;align-items:center;&#8221; global_colors_info=&#8221;{}&#8221;][et_pb_column type=&#8221;1_2&#8243; _builder_version=&#8221;4.22.1&#8243; _module_preset=&#8221;default&#8221; global_colors_info=&#8221;{}&#8221;][et_pb_image src=&#8221;https:\/\/cellercornudella.cat\/wp-content\/uploads\/2023\/08\/arqui-3.jpg&#8221; title_text=&#8221;archi-3&#8243; _builder_version=&#8221;4.22.1&#8243; _module_preset=&#8221;default&#8221; global_colors_info=&#8221;{}&#8221;][\/et_pb_image][\/et_pb_column][et_pb_column type=&#8221;1_2&#8243; _builder_version=&#8221;4.22.1&#8243; _module_preset=&#8221;default&#8221; global_colors_info=&#8221;{}&#8221;][et_pb_text _builder_version=&#8221;4.22.1&#8243; _module_preset=&#8221;default&#8221; text_line_height=&#8221;2em&#8221; header_font=&#8221;Alata||||||||&#8221; text_orientation=&#8221;justified&#8221; custom_margin=&#8221;||21px|||&#8221; global_colors_info=&#8221;{}&#8221;]<\/p>\n<p><span>On the lower floor, the vats are cylindrical and are located in the center of the space. It is accessed through side corridors covered with parabolic or Gaudinian arches that start from the ground. These arches and the Catalan vault that separates them are what support the weight of the upper vats.<\/span><\/p>\n<p><span><\/span><\/p>\n<p>[\/et_pb_text][\/et_pb_column][\/et_pb_row][et_pb_row column_structure=&#8221;1_2,1_2&#8243; make_equal=&#8221;on&#8221; _builder_version=&#8221;4.22.1&#8243; _module_preset=&#8221;default&#8221; width=&#8221;100%&#8221; max_width=&#8221;80%&#8221; custom_css_main_element=&#8221;align-items:center;&#8221; global_colors_info=&#8221;{}&#8221;][et_pb_column type=&#8221;1_2&#8243; _builder_version=&#8221;4.22.1&#8243; _module_preset=&#8221;default&#8221; global_colors_info=&#8221;{}&#8221;][et_pb_text _builder_version=&#8221;4.22.1&#8243; _module_preset=&#8221;default&#8221; text_line_height=&#8221;2em&#8221; header_font=&#8221;Alata||||||||&#8221; text_orientation=&#8221;justified&#8221; custom_margin=&#8221;||21px|||&#8221; global_colors_info=&#8221;{}&#8221;]<\/p>\n<div id=\"content\" class=\"site-content\">\n<div id=\"primary\" class=\"content-area\"><main id=\"main\" class=\"site-main-page\" role=\"main\"><\/p>\n<article id=\"post-97\" class=\"post-97 page type-page status-publish hentry\">\n<div class=\"entry-content\">\n<p><span>It is also worth highlighting here the most important parts of a very functional architecture. Firstly, the ventilation openings, so that the harmful gases produced by the fermentation can be expelled and also so that it takes place at the ideal temperature. And finally, the ingenuity of having most of the processes carried out by decantation, that is, by gravity.<\/span><\/p>\n<\/div>\n<\/article>\n<p><\/main><\/div>\n<\/div>\n<p><span><\/span><\/p>\n<p>[\/et_pb_text][\/et_pb_column][et_pb_column type=&#8221;1_2&#8243; _builder_version=&#8221;4.22.1&#8243; _module_preset=&#8221;default&#8221; global_colors_info=&#8221;{}&#8221;][et_pb_image src=&#8221;https:\/\/cellercornudella.cat\/wp-content\/uploads\/2023\/08\/arqui-4.jpg&#8221; title_text=&#8221;archi-4&#8243; _builder_version=&#8221;4.22.1&#8243; _module_preset=&#8221;default&#8221; global_colors_info=&#8221;{}&#8221;][\/et_pb_image][\/et_pb_column][\/et_pb_row][\/et_pb_section]<\/p>\n","protected":false},"excerpt":{"rendered":"<p>ARCHITECTURAL CHARACTERISTICSThe Celler Cooperatiu de Cornudella de Montsant is considered one of the &#8220;Cathedrals of Wine&#8221; that were erected in the Catalan territory, and especially in the province of Tarragona, between the years 1910 and 1920. These wineries were one of the clearest representations of modernism and noucentism in rural areas. Architecture at the service [&hellip;]<\/p>\n","protected":false},"author":1,"featured_media":0,"parent":0,"menu_order":30,"comment_status":"closed","ping_status":"closed","template":"","meta":{"_acf_changed":false,"_et_pb_use_builder":"on","_et_pb_old_content":"","_et_gb_content_width":"","footnotes":""},"class_list":["post-3758","page","type-page","status-publish","hentry"],"acf":[],"_links":{"self":[{"href":"https:\/\/cellercornudella.cat\/en\/wp-json\/wp\/v2\/pages\/3758","targetHints":{"allow":["GET"]}}],"collection":[{"href":"https:\/\/cellercornudella.cat\/en\/wp-json\/wp\/v2\/pages"}],"about":[{"href":"https:\/\/cellercornudella.cat\/en\/wp-json\/wp\/v2\/types\/page"}],"author":[{"embeddable":true,"href":"https:\/\/cellercornudella.cat\/en\/wp-json\/wp\/v2\/users\/1"}],"replies":[{"embeddable":true,"href":"https:\/\/cellercornudella.cat\/en\/wp-json\/wp\/v2\/comments?post=3758"}],"version-history":[{"count":3,"href":"https:\/\/cellercornudella.cat\/en\/wp-json\/wp\/v2\/pages\/3758\/revisions"}],"predecessor-version":[{"id":12304,"href":"https:\/\/cellercornudella.cat\/en\/wp-json\/wp\/v2\/pages\/3758\/revisions\/12304"}],"wp:attachment":[{"href":"https:\/\/cellercornudella.cat\/en\/wp-json\/wp\/v2\/media?parent=3758"}],"curies":[{"name":"wp","href":"https:\/\/api.w.org\/{rel}","templated":true}]}}