{"id":12526,"date":"2025-06-17T19:18:52","date_gmt":"2025-06-17T17:18:52","guid":{"rendered":"https:\/\/cellercornudella.cat\/?post_type=product&#038;p=12526"},"modified":"2025-06-29T19:58:01","modified_gmt":"2025-06-29T17:58:01","slug":"castell-de-siurana","status":"publish","type":"product","link":"https:\/\/cellercornudella.cat\/en\/producte\/castell-de-siurana\/","title":{"rendered":"Castell de Siurana"},"content":{"rendered":"<p><strong>NOTA DE TAST<\/strong><br \/>\nEl Castell de Siurana \u00e9s un vi expressiu i equilibrat, on la fruita i la crian\u00e7a conviuen en harmonia. A la copa presenta un color vermell picota amb reflexos rob\u00ed, brillant i viu, que transmet frescor tot i el seu envelliment en bota. Al nas \u00e9s intens i profund, amb una combinaci\u00f3 de fruita vermella i negra madura, aromes de maduixeta de bosc i de confitures, acompanyades per notes bals\u00e0miques i florals. La fusta hi \u00e9s present, amb matisos torrefactes i especiats, per\u00f2 sense predominar sobre la fruita, sin\u00f3 complementant-la amb eleg\u00e0ncia. A la boca es mostra viu i fresc, amb una acidesa equilibrada que li d\u00f3na energia i profunditat. \u00c9s estructurat untu\u00f3s, amb un final persistent i harmoni\u00f3s que mant\u00e9 el record de les aromes de fruita i els torrats.<\/p>\n","protected":false},"excerpt":{"rendered":"<p class=\"et_pb_module_header\">Collita: 2022<br \/>\nVarietats: garnatxa negra i carinyena<br \/>\nEnvelliment: 12 mesos en bota de roure franc\u00e8s.<\/p>\n","protected":false},"featured_media":12528,"comment_status":"closed","ping_status":"closed","template":"","meta":{"_acf_changed":false,"_et_pb_use_builder":"","_et_pb_old_content":"","_et_gb_content_width":""},"product_brand":[],"product_cat":[35,228,231],"product_tag":[],"class_list":{"0":"post-12526","1":"product","2":"type-product","3":"status-publish","4":"has-post-thumbnail","6":"product_cat-botiga_online","7":"product_cat-producte_celler","8":"product_cat-vi","10":"first","11":"instock","12":"featured","13":"taxable","14":"shipping-taxable","15":"purchasable","16":"product-type-simple"},"acf":[],"_links":{"self":[{"href":"https:\/\/cellercornudella.cat\/en\/wp-json\/wp\/v2\/product\/12526","targetHints":{"allow":["GET"]}}],"collection":[{"href":"https:\/\/cellercornudella.cat\/en\/wp-json\/wp\/v2\/product"}],"about":[{"href":"https:\/\/cellercornudella.cat\/en\/wp-json\/wp\/v2\/types\/product"}],"replies":[{"embeddable":true,"href":"https:\/\/cellercornudella.cat\/en\/wp-json\/wp\/v2\/comments?post=12526"}],"wp:featuredmedia":[{"embeddable":true,"href":"https:\/\/cellercornudella.cat\/en\/wp-json\/wp\/v2\/media\/12528"}],"wp:attachment":[{"href":"https:\/\/cellercornudella.cat\/en\/wp-json\/wp\/v2\/media?parent=12526"}],"wp:term":[{"taxonomy":"product_brand","embeddable":true,"href":"https:\/\/cellercornudella.cat\/en\/wp-json\/wp\/v2\/product_brand?post=12526"},{"taxonomy":"product_cat","embeddable":true,"href":"https:\/\/cellercornudella.cat\/en\/wp-json\/wp\/v2\/product_cat?post=12526"},{"taxonomy":"product_tag","embeddable":true,"href":"https:\/\/cellercornudella.cat\/en\/wp-json\/wp\/v2\/product_tag?post=12526"}],"curies":[{"name":"wp","href":"https:\/\/api.w.org\/{rel}","templated":true}]}}