{"id":12704,"date":"2025-08-04T17:08:56","date_gmt":"2025-08-04T15:08:56","guid":{"rendered":"https:\/\/cellercornudella.cat\/?post_type=product&#038;p=12704"},"modified":"2025-08-04T17:46:15","modified_gmt":"2025-08-04T15:46:15","slug":"lot-castell-de-siurana-i-castell-de-falset","status":"publish","type":"product","link":"https:\/\/cellercornudella.cat\/en\/producte\/lot-castell-de-siurana-i-castell-de-falset\/","title":{"rendered":"Lot Castell de Siurana i Castell de Falset"},"content":{"rendered":"","protected":false},"excerpt":{"rendered":"<p>Al Priorat hi ha dues catedrals del vi que uneixen patrimoni i tradici\u00f3 vitivin\u00edcola: la de la Cooperativa Falset Mar\u00e7\u00e0 i la de la Cooperativa de Cornudella.<br \/>\nCada poble compta amb un celler cooperatiu modernista i un castell medieval ple d\u2019hist\u00f2ria. Aix\u00ed doncs, hem agermanat dos vins emblem\u00e0tics per homenatjar els anys d\u2019esfor\u00e7 i comprom\u00eds amb el territori.<\/p>\n<p>El\u00a0<strong>Castell de Falset<\/strong>\u00a0\u00e9s un vi cl\u00e0ssic del celler, elaborat amb garnatxa, cabernet sauvignon i syrah. Les varietats s\u2019han vinificat per separat amb t\u00e8cniques diferents i crian\u00e7a en diferents tipus de bota.<br \/>\nT\u00e9 color rob\u00ed, aromes de fruita madura i esp\u00e8cies, i una boca estructurada i suau.<br \/>\nMarida especialment b\u00e9 amb plats de la cuina tradicional catalana com rostits o estofats.<\/p>\n<p>El\u00a0<strong>Castell de Siurana<\/strong>\u00a0s\u2019elabora amb garnatxa i carinyena de vinyes velles, amb crian\u00e7a en roure franc\u00e8s.<br \/>\nT\u00e9 un color vermell intens, que combina frescor, fruita negra i notes de crian\u00e7a amb tocs bals\u00e0mics i torrats.<br \/>\nUn vi ideal per acompanyar amb plats de pasta, aix\u00ed com amb carns de vedella, xai o aus.<\/p>\n<p>El lot inclou una ampolla de cada vi i dues copes.<\/p>\n","protected":false},"featured_media":12671,"comment_status":"closed","ping_status":"closed","template":"","meta":{"_acf_changed":false,"_et_pb_use_builder":"","_et_pb_old_content":"","_et_gb_content_width":""},"product_brand":[],"product_cat":[35,228,231],"product_tag":[],"class_list":{"0":"post-12704","1":"product","2":"type-product","3":"status-publish","4":"has-post-thumbnail","6":"product_cat-botiga_online","7":"product_cat-producte_celler","8":"product_cat-vi","10":"first","11":"instock","12":"featured","13":"taxable","14":"shipping-taxable","15":"purchasable","16":"product-type-simple"},"acf":[],"_links":{"self":[{"href":"https:\/\/cellercornudella.cat\/en\/wp-json\/wp\/v2\/product\/12704","targetHints":{"allow":["GET"]}}],"collection":[{"href":"https:\/\/cellercornudella.cat\/en\/wp-json\/wp\/v2\/product"}],"about":[{"href":"https:\/\/cellercornudella.cat\/en\/wp-json\/wp\/v2\/types\/product"}],"replies":[{"embeddable":true,"href":"https:\/\/cellercornudella.cat\/en\/wp-json\/wp\/v2\/comments?post=12704"}],"wp:featuredmedia":[{"embeddable":true,"href":"https:\/\/cellercornudella.cat\/en\/wp-json\/wp\/v2\/media\/12671"}],"wp:attachment":[{"href":"https:\/\/cellercornudella.cat\/en\/wp-json\/wp\/v2\/media?parent=12704"}],"wp:term":[{"taxonomy":"product_brand","embeddable":true,"href":"https:\/\/cellercornudella.cat\/en\/wp-json\/wp\/v2\/product_brand?post=12704"},{"taxonomy":"product_cat","embeddable":true,"href":"https:\/\/cellercornudella.cat\/en\/wp-json\/wp\/v2\/product_cat?post=12704"},{"taxonomy":"product_tag","embeddable":true,"href":"https:\/\/cellercornudella.cat\/en\/wp-json\/wp\/v2\/product_tag?post=12704"}],"curies":[{"name":"wp","href":"https:\/\/api.w.org\/{rel}","templated":true}]}}