{"id":12898,"date":"2025-12-03T01:25:35","date_gmt":"2025-12-02T23:25:35","guid":{"rendered":"https:\/\/cellercornudella.cat\/?post_type=product&#038;p=12898"},"modified":"2026-04-19T12:11:54","modified_gmt":"2026-04-19T10:11:54","slug":"vi-novell-2025","status":"publish","type":"product","link":"https:\/\/cellercornudella.cat\/en\/producte\/vi-novell-2025\/","title":{"rendered":"Vi Novell 2025"},"content":{"rendered":"<p>Vi fresc, viu, afruitat i molt arom\u00e0tic elaborat amb varietats aut\u00f2ctones del terme de Cornudella de Montsant. Es tracta d\u2019un vi que expressa a la perfecci\u00f3 les caracter\u00edstiques principals del ra\u00efm cultivat a la nostra zona: frescor, acidesa i vivacitat; atributs t\u00edpics de les vinyes conreades entre valls, rius, barrancs i vessants muntanyoses que, sumades a l\u2019al\u00e7ada i a la variabilitat de s\u00f2ls, descriuen a la perfecci\u00f3 el terme de la nostra vila que s\u2019emmarca al bell mig de la Serra del Montsant i les Muntanyes de Prades.<\/p>\n<p>Aix\u00ed doncs, aquest vi novell presenta un intens color vermell\u00f3s-violaci que ens indica la joventut i vivacitat d\u2019aquest vi. Tamb\u00e9 presenta aromes de fruita vermella fresca recent collida, principalment de maduixes i gerds, amb unes notes l\u00e0ctiques de fons que encara el fan m\u00e9s agradable quan hi posem el nas. A nivell de paladar ens mostra suavitat i molta frescor, amb una acidesa ben marcada, t\u00edpica de la nostra zona, i un gust intens que va en sintonia amb els aromes descrits anteriorment, talment com si es mossegu\u00e9s una fruita vermella recent collida.<\/p>\n","protected":false},"excerpt":{"rendered":"<p class=\"et_pb_module_header\">Collita: 2025<br \/>\nVarietats: Garnatxa negra i Syrah<\/p>\n","protected":false},"featured_media":12900,"comment_status":"closed","ping_status":"closed","template":"","meta":{"_acf_changed":false,"_et_pb_use_builder":"","_et_pb_old_content":"","_et_gb_content_width":""},"product_brand":[],"product_cat":[35,228,231],"product_tag":[],"class_list":{"0":"post-12898","1":"product","2":"type-product","3":"status-publish","4":"has-post-thumbnail","6":"product_cat-botiga_online","7":"product_cat-producte_celler","8":"product_cat-vi","10":"first","11":"outofstock","12":"featured","13":"taxable","14":"shipping-taxable","15":"purchasable","16":"product-type-simple"},"acf":[],"_links":{"self":[{"href":"https:\/\/cellercornudella.cat\/en\/wp-json\/wp\/v2\/product\/12898","targetHints":{"allow":["GET"]}}],"collection":[{"href":"https:\/\/cellercornudella.cat\/en\/wp-json\/wp\/v2\/product"}],"about":[{"href":"https:\/\/cellercornudella.cat\/en\/wp-json\/wp\/v2\/types\/product"}],"replies":[{"embeddable":true,"href":"https:\/\/cellercornudella.cat\/en\/wp-json\/wp\/v2\/comments?post=12898"}],"wp:featuredmedia":[{"embeddable":true,"href":"https:\/\/cellercornudella.cat\/en\/wp-json\/wp\/v2\/media\/12900"}],"wp:attachment":[{"href":"https:\/\/cellercornudella.cat\/en\/wp-json\/wp\/v2\/media?parent=12898"}],"wp:term":[{"taxonomy":"product_brand","embeddable":true,"href":"https:\/\/cellercornudella.cat\/en\/wp-json\/wp\/v2\/product_brand?post=12898"},{"taxonomy":"product_cat","embeddable":true,"href":"https:\/\/cellercornudella.cat\/en\/wp-json\/wp\/v2\/product_cat?post=12898"},{"taxonomy":"product_tag","embeddable":true,"href":"https:\/\/cellercornudella.cat\/en\/wp-json\/wp\/v2\/product_tag?post=12898"}],"curies":[{"name":"wp","href":"https:\/\/api.w.org\/{rel}","templated":true}]}}