{"id":689,"date":"2023-08-28T23:46:42","date_gmt":"2023-08-28T21:46:42","guid":{"rendered":"https:\/\/cellercornudella.cat\/?post_type=product&#038;p=689"},"modified":"2025-06-29T19:59:29","modified_gmt":"2025-06-29T17:59:29","slug":"les-troies-negre-2022-lot-03-23","status":"publish","type":"product","link":"https:\/\/cellercornudella.cat\/en\/producte\/les-troies-negre-2022-lot-03-23\/","title":{"rendered":"Les Troies negre 2022"},"content":{"rendered":"<p><strong>NOTA DE TAST<\/strong><br \/>\n<strong>Vista:<\/strong>\u00a0Color intens, viu, amb tons blavosos i morats que indiquen que es tracta d\u2019un vi jove.<br \/>\n<strong>Nas:<\/strong>\u00a0Fruita vermella \u00e0cida, aranyons, gerds i esp\u00e8cies.<br \/>\n<strong>Boca:<\/strong>\u00a0Sensaci\u00f3 de dol\u00e7or, molta frescor, records de gerds \u00e0cids, especiats cl\u00e0ssics de la garnatxa, pebre negre i regal\u00e8ssia.<\/p>\n","protected":false},"excerpt":{"rendered":"<p class=\"et_pb_module_header\">Collita: 2022<br \/>\nVarietats: 70% garnatxa i 30% carinyena<br \/>\nCrian\u00e7a: sense crian\u00e7a en bota<\/p>\n","protected":false},"featured_media":11736,"comment_status":"closed","ping_status":"closed","template":"","meta":{"_acf_changed":false,"_et_pb_use_builder":"","_et_pb_old_content":"","_et_gb_content_width":""},"product_brand":[],"product_cat":[35,228,231],"product_tag":[],"class_list":{"0":"post-689","1":"product","2":"type-product","3":"status-publish","4":"has-post-thumbnail","6":"product_cat-botiga_online","7":"product_cat-producte_celler","8":"product_cat-vi","10":"first","11":"instock","12":"taxable","13":"shipping-taxable","14":"purchasable","15":"product-type-simple"},"acf":[],"_links":{"self":[{"href":"https:\/\/cellercornudella.cat\/en\/wp-json\/wp\/v2\/product\/689","targetHints":{"allow":["GET"]}}],"collection":[{"href":"https:\/\/cellercornudella.cat\/en\/wp-json\/wp\/v2\/product"}],"about":[{"href":"https:\/\/cellercornudella.cat\/en\/wp-json\/wp\/v2\/types\/product"}],"replies":[{"embeddable":true,"href":"https:\/\/cellercornudella.cat\/en\/wp-json\/wp\/v2\/comments?post=689"}],"wp:featuredmedia":[{"embeddable":true,"href":"https:\/\/cellercornudella.cat\/en\/wp-json\/wp\/v2\/media\/11736"}],"wp:attachment":[{"href":"https:\/\/cellercornudella.cat\/en\/wp-json\/wp\/v2\/media?parent=689"}],"wp:term":[{"taxonomy":"product_brand","embeddable":true,"href":"https:\/\/cellercornudella.cat\/en\/wp-json\/wp\/v2\/product_brand?post=689"},{"taxonomy":"product_cat","embeddable":true,"href":"https:\/\/cellercornudella.cat\/en\/wp-json\/wp\/v2\/product_cat?post=689"},{"taxonomy":"product_tag","embeddable":true,"href":"https:\/\/cellercornudella.cat\/en\/wp-json\/wp\/v2\/product_tag?post=689"}],"curies":[{"name":"wp","href":"https:\/\/api.w.org\/{rel}","templated":true}]}}