{"id":12065,"date":"2024-11-06T15:27:40","date_gmt":"2024-11-06T13:27:40","guid":{"rendered":"https:\/\/cellercornudella.cat\/agrotienda\/"},"modified":"2025-08-04T19:18:42","modified_gmt":"2025-08-04T17:18:42","slug":"agrotienda","status":"publish","type":"page","link":"https:\/\/cellercornudella.cat\/es\/agrotienda\/","title":{"rendered":"Agrotienda"},"content":{"rendered":"<p>[et_pb_section fb_built=\u00bb1&#8243; _builder_version=\u00bb4.27.2&#8243; _module_preset=\u00bbdefault\u00bb global_colors_info=\u00bb{}\u00bb][et_pb_row column_structure=\u00bb1_2,1_2&#8243; make_equal=\u00bbon\u00bb _builder_version=\u00bb4.27.2&#8243; _module_preset=\u00bbdefault\u00bb custom_css_main_element=\u00bbalign-items: center;\u00bb global_colors_info=\u00bb{}\u00bb][et_pb_column type=\u00bb1_2&#8243; _builder_version=\u00bb4.27.2&#8243; _module_preset=\u00bbdefault\u00bb global_colors_info=\u00bb{}\u00bb][et_pb_image src=\u00bbhttps:\/\/cellercornudella.cat\/wp-content\/uploads\/2024\/11\/celler-proximitat.jpg\u00bb title_text=\u00bbbodega-proximidad\u00bb _builder_version=\u00bb4.27.2&#8243; _module_preset=\u00bbdefault\u00bb global_colors_info=\u00bb{}\u00bb][\/et_pb_image][\/et_pb_column][et_pb_column type=\u00bb1_2&#8243; _builder_version=\u00bb4.27.2&#8243; _module_preset=\u00bbdefault\u00bb global_colors_info=\u00bb{}\u00bb][et_pb_text _builder_version=\u00bb4.27.4&#8243; _module_preset=\u00bbdefault\u00bb custom_margin=\u00bb0px||||false|false\u00bb custom_padding=\u00bb0px||||false|false\u00bb global_colors_info=\u00bb{}\u00bb]<\/p>\n<h2>LA AGROTIENDA<\/h2>\n<p data-start=\"0\" data-end=\"107\"><strong data-start=\"0\" data-end=\"107\">Agrotienda de la Bodega Cooperativa de Cornudella: vinos del Montsant y productos locales en el coraz\u00f3n del Priorat<\/strong><\/p>\n<p data-start=\"109\" data-end=\"504\">La <strong data-start=\"111\" data-end=\"161\">Agrotienda de la Bodega Cooperativa de Cornudella<\/strong> es un espacio de venta directa donde puedes comprar <em data-start=\"207\" data-end=\"224\">vino del Montsant<\/em> elaborado en nuestra bodega, junto con una selecci\u00f3n de <em data-start=\"282\" data-end=\"314\">productos artesanos del Priorat<\/em> y otros art\u00edculos de proximidad. Nos encontrar\u00e1s en el centro de <strong data-start=\"374\" data-end=\"400\">Cornudella de Montsant<\/strong>, en una ubicaci\u00f3n privilegiada para quien visita la Sierra del Montsant, Siurana o la comarca del Priorat.<\/p>\n<p data-start=\"506\" data-end=\"842\">En la agrotienda podr\u00e1s adquirir <strong data-start=\"540\" data-end=\"566\">vinos de la DO Montsant<\/strong> , elaborados en nuestra bodega cooperativa con uvas de vi\u00f1edos propios, situados alrededor del pueblo. Contamos con una amplia gama de vinos tintos, blancos y rosados, que reflejan la autenticidad del territorio y el trabajo de las familias campesinas que forman parte de la cooperativa.<\/p>\n<p data-start=\"844\" data-end=\"1136\">Adem\u00e1s de los vinos, en nuestra tienda encontrar\u00e1s <em data-start=\"892\" data-end=\"917\">aceite de oliva virgen extra<\/em> , <em data-start=\"919\" data-end=\"934\">miel artesanal<\/em> , <em data-start=\"936\" data-end=\"949\">frutos secos<\/em> , <em data-start=\"951\" data-end=\"962\">conservas<\/em> y otros productos agroalimentarios de calidad, todos elaborados en el Priorat o en zonas cercanas. Tambi\u00e9n vendemos productos de merchandising de la bodega y lotes ideales para regalos.<\/p>\n<p data-start=\"1138\" data-end=\"1435\">Visitar la agrotienda es una oportunidad para comprar <em data-start=\"1190\" data-end=\"1226\">productos de proximidad en el Priorat<\/em> y para conocer de cerca nuestro proyecto cooperativo, con m\u00e1s de 100 a\u00f1os de historia. Si vienes a realizar una visita guiada a la bodega modernista, a degustar vinos oa hacer enoturismo en Cornudella, no olvides pasar por all\u00ed.<\/p>\n<p data-start=\"1437\" data-end=\"1614\" data-is-last-node=\"\" data-is-only-node=\"\"><strong data-start=\"1437\" data-end=\"1614\" data-is-last-node=\"\">Ven a la agrotienda de la Bodega Cooperativa de Cornudella y ll\u00e9vate a casa los sabores aut\u00e9nticos del Montsant. Compra directa del productor, con garant\u00eda de origen y calidad.<\/strong><\/p>\n<p>[\/et_pb_text][\/et_pb_column][\/et_pb_row][\/et_pb_section]<\/p>\n","protected":false},"excerpt":{"rendered":"<p>LA AGROTIENDA Agrotienda de la Bodega Cooperativa de Cornudella: vinos del Montsant y productos locales en el coraz\u00f3n del Priorat La Agrotienda de la Bodega Cooperativa de Cornudella es un espacio de venta directa donde puedes comprar vino del Montsant elaborado en nuestra bodega, junto con una selecci\u00f3n de productos artesanos del Priorat y otros [&hellip;]<\/p>\n","protected":false},"author":18,"featured_media":0,"parent":0,"menu_order":0,"comment_status":"closed","ping_status":"closed","template":"","meta":{"_acf_changed":false,"_et_pb_use_builder":"on","_et_pb_old_content":"","_et_gb_content_width":"","footnotes":""},"class_list":["post-12065","page","type-page","status-publish","hentry"],"acf":[],"_links":{"self":[{"href":"https:\/\/cellercornudella.cat\/es\/wp-json\/wp\/v2\/pages\/12065","targetHints":{"allow":["GET"]}}],"collection":[{"href":"https:\/\/cellercornudella.cat\/es\/wp-json\/wp\/v2\/pages"}],"about":[{"href":"https:\/\/cellercornudella.cat\/es\/wp-json\/wp\/v2\/types\/page"}],"author":[{"embeddable":true,"href":"https:\/\/cellercornudella.cat\/es\/wp-json\/wp\/v2\/users\/18"}],"replies":[{"embeddable":true,"href":"https:\/\/cellercornudella.cat\/es\/wp-json\/wp\/v2\/comments?post=12065"}],"version-history":[{"count":3,"href":"https:\/\/cellercornudella.cat\/es\/wp-json\/wp\/v2\/pages\/12065\/revisions"}],"predecessor-version":[{"id":12726,"href":"https:\/\/cellercornudella.cat\/es\/wp-json\/wp\/v2\/pages\/12065\/revisions\/12726"}],"wp:attachment":[{"href":"https:\/\/cellercornudella.cat\/es\/wp-json\/wp\/v2\/media?parent=12065"}],"curies":[{"name":"wp","href":"https:\/\/api.w.org\/{rel}","templated":true}]}}