{"id":13154,"date":"2026-02-12T17:46:18","date_gmt":"2026-02-12T15:46:18","guid":{"rendered":"https:\/\/cellercornudella.cat\/faqs\/"},"modified":"2026-02-16T00:14:11","modified_gmt":"2026-02-15T22:14:11","slug":"faqs","status":"publish","type":"page","link":"https:\/\/cellercornudella.cat\/es\/faqs\/","title":{"rendered":"FAQS"},"content":{"rendered":"<p>[et_pb_section fb_built=\u00bb1&#8243; _builder_version=\u00bb4.27.4&#8243; _module_preset=\u00bbdefault\u00bb global_colors_info=\u00bb{}\u00bb][et_pb_row _builder_version=\u00bb4.27.4&#8243; _module_preset=\u00bbdefault\u00bb global_colors_info=\u00bb{}\u00bb][et_pb_column type=\u00bb4_4&#8243; _builder_version=\u00bb4.27.4&#8243; _module_preset=\u00bbdefault\u00bb global_colors_info=\u00bb{}\u00bb][et_pb_text _builder_version=\u00bb4.27.4&#8243; _module_preset=\u00bbdefault\u00bb global_colors_info=\u00bb{}\u00bb]<\/p>\n<h3 data-start=\"0\" data-end=\"29\">\u00bfTienes dudas? \u00a1Preguntanos! <\/h3>\n<p data-start=\"31\" data-end=\"314\">En la Bodega Cooperativa de Cornudella de Montsant nos gusta hablar de vino, aceite y todo aquello que forma parte de nuestro d\u00eda a d\u00eda. Por eso hemos creado este espacio de <strong data-start=\"199\" data-end=\"229\">FAQS (Preguntas Frecuentes)<\/strong> , una nueva secci\u00f3n en nuestra web donde daremos respuesta a las dudas que nos hagan llegar. <\/p>\n<p data-start=\"316\" data-end=\"734\">\u00bfQuieres saber c\u00f3mo elaboramos nuestros vinos del Montsant? \u00bfTienes curiosidad sobre el proceso de vinificaci\u00f3n, las variedades aut\u00f3ctonas como la garnacha o la cari\u00f1ena, o el significado de algunos t\u00e9rminos enol\u00f3gicos? \u00bfTe interesa c\u00f3mo funciona el molino y c\u00f3mo producimos nuestro aceite de oliva arbequina? \u00bfO quiz\u00e1s quieres conocer mejor la historia de la bodega, los trabajos que se realizan a lo largo del a\u00f1o o c\u00f3mo preparar una visita enotur\u00edstica?   <\/p>\n<p data-start=\"736\" data-end=\"759\">\u00c9ste es tu espacio.<\/p>\n<p data-start=\"761\" data-end=\"1058\">Publicaremos respuestas claras, rigurosas y comprensibles, porque creemos que compartir conocimiento es tambi\u00e9n una forma de poner en valor la cultura del vino y del territorio. Tanto si eres profesional del sector, winelover, visitante ocasional o simplemente tienes curiosidad, cualquier pregunta es bienvenida. <\/p>\n<p data-start=\"1060\" data-end=\"1244\">Nos puedes enviar tus dudas a trav\u00e9s de los canales habituales de la bodega, e iremos ampliando esta secci\u00f3n con nuevas respuestas. Queremos que sea un espacio vivo, \u00fatil y participativo. <\/p>\n<p data-start=\"1246\" data-end=\"1362\" data-is-last-node=\"\" data-is-only-node=\"\">Porque vino y aceite no es s\u00f3lo una botella: es proceso, es paisaje, es campesinado, es cooperativa. Y nos encanta contarlo. <\/p>\n<p style=\"text-align: center;\"><a href='https:\/\/wa.me\/34621497400?text=Hola,%20tinc%20una%20consulta%20sobre%20les%20FAQS%20del%20Celler' class='small-button smallred' target=\"_blank\">HAZNOS TU CONSULTA POR WHATSAPP<\/a><\/p>\n<p>[\/et_pb_text][et_pb_blog fullwidth=\u00bboff\u00bb include_categories=\u00bb263&#8243; use_manual_excerpt=\u00bboff\u00bb show_author=\u00bboff\u00bb show_date=\u00bboff\u00bb show_categories=\u00bboff\u00bb show_excerpt=\u00bboff\u00bb _builder_version=\u00bb4.27.4&#8243; _module_preset=\u00bbdefault\u00bb hover_enabled=\u00bb0&#8243; global_colors_info=\u00bb{}\u00bb sticky_enabled=\u00bb0&#8243;][\/et_pb_blog][\/et_pb_column][\/et_pb_row][\/et_pb_section]<\/p>\n","protected":false},"excerpt":{"rendered":"<p>\u00bfTienes dudas? \u00a1Preguntanos! En la Bodega Cooperativa de Cornudella de Montsant nos gusta hablar de vino, aceite y todo aquello que forma parte de nuestro d\u00eda a d\u00eda. Por eso hemos creado este espacio de FAQS (Preguntas Frecuentes) , una nueva secci\u00f3n en nuestra web donde daremos respuesta a las dudas que nos hagan llegar. [&hellip;]<\/p>\n","protected":false},"author":18,"featured_media":0,"parent":0,"menu_order":0,"comment_status":"closed","ping_status":"closed","template":"","meta":{"_acf_changed":false,"_et_pb_use_builder":"on","_et_pb_old_content":"","_et_gb_content_width":"","footnotes":""},"class_list":["post-13154","page","type-page","status-publish","hentry"],"acf":[],"_links":{"self":[{"href":"https:\/\/cellercornudella.cat\/es\/wp-json\/wp\/v2\/pages\/13154","targetHints":{"allow":["GET"]}}],"collection":[{"href":"https:\/\/cellercornudella.cat\/es\/wp-json\/wp\/v2\/pages"}],"about":[{"href":"https:\/\/cellercornudella.cat\/es\/wp-json\/wp\/v2\/types\/page"}],"author":[{"embeddable":true,"href":"https:\/\/cellercornudella.cat\/es\/wp-json\/wp\/v2\/users\/18"}],"replies":[{"embeddable":true,"href":"https:\/\/cellercornudella.cat\/es\/wp-json\/wp\/v2\/comments?post=13154"}],"version-history":[{"count":2,"href":"https:\/\/cellercornudella.cat\/es\/wp-json\/wp\/v2\/pages\/13154\/revisions"}],"predecessor-version":[{"id":13156,"href":"https:\/\/cellercornudella.cat\/es\/wp-json\/wp\/v2\/pages\/13154\/revisions\/13156"}],"wp:attachment":[{"href":"https:\/\/cellercornudella.cat\/es\/wp-json\/wp\/v2\/media?parent=13154"}],"curies":[{"name":"wp","href":"https:\/\/api.w.org\/{rel}","templated":true}]}}