{"id":3272,"date":"2023-06-12T15:57:54","date_gmt":"2023-06-12T13:57:54","guid":{"rendered":"https:\/\/cellercornudella.cat\/aviso-legal-y-politica-de-privacidad\/"},"modified":"2023-10-01T15:50:47","modified_gmt":"2023-10-01T13:50:47","slug":"aviso-legal-y-politica-de-privacidad","status":"publish","type":"page","link":"https:\/\/cellercornudella.cat\/es\/aviso-legal-y-politica-de-privacidad\/","title":{"rendered":"Aviso Legal y Pol\u00edtica de Privacidad"},"content":{"rendered":"<p>[et_pb_section fb_built=\u00bb1&#8243; _builder_version=\u00bb4.22.1&#8243; _module_preset=\u00bbdefault\u00bb global_colors_info=\u00bb{}\u00bb][et_pb_row _builder_version=\u00bb4.22.1&#8243; _module_preset=\u00bbdefault\u00bb width=\u00bb100%\u00bb max_width=\u00bb80%\u00bb global_colors_info=\u00bb{}\u00bb][et_pb_column type=\u00bb4_4&#8243; _builder_version=\u00bb4.22.1&#8243; _module_preset=\u00bbdefault\u00bb global_colors_info=\u00bb{}\u00bb][et_pb_post_title meta=\u00bboff\u00bb featured_image=\u00bboff\u00bb _builder_version=\u00bb4.22.1&#8243; _module_preset=\u00bbdefault\u00bb title_font=\u00bbAlata|700||on|||||\u00bb title_text_align=\u00bbcenter\u00bb title_font_size=\u00bb50px\u00bb title_letter_spacing=\u00bb2px\u00bb custom_margin=\u00bb||5px||false|false\u00bb global_colors_info=\u00bb{}\u00bb][\/et_pb_post_title][et_pb_divider color=\u00bb#333333&#8243; divider_weight=\u00bb2px\u00bb _builder_version=\u00bb4.22.1&#8243; _module_preset=\u00bbdefault\u00bb width=\u00bb25%\u00bb module_alignment=\u00bbcenter\u00bb global_colors_info=\u00bb{}\u00bb][\/et_pb_divider][\/et_pb_column][\/et_pb_row][et_pb_row _builder_version=\u00bb4.22.1&#8243; _module_preset=\u00bbdefault\u00bb width=\u00bb100%\u00bb max_width=\u00bb80%\u00bb global_colors_info=\u00bb{}\u00bb][et_pb_column type=\u00bb4_4&#8243; _builder_version=\u00bb4.22.1&#8243; _module_preset=\u00bbdefault\u00bb global_colors_info=\u00bb{}\u00bb][et_pb_text _builder_version=\u00bb4.22.2&#8243; _module_preset=\u00bbdefault\u00bb header_font=\u00bbAlata||||||||\u00bb text_orientation=\u00bbjustified\u00bb custom_margin=\u00bb||21px|||\u00bb hover_enabled=\u00bb0&#8243; global_colors_info=\u00bb{}\u00bb sticky_enabled=\u00bb0&#8243;]<\/p>\n<p><strong><em>Textos Legales Versi\u00f3n 1 01-2018<\/em><\/strong><\/p>\n<p>&nbsp;<\/p>\n<p><strong>&#8211; 1.1 Aviso Legal (LSSI)<\/strong><\/p>\n<p>De conformidad con el art\u00edculo 10 de la <strong>Ley 34\/2002<\/strong>, de 11 de julio, de \u00ab<strong>Servicios de la Sociedad de la Informaci\u00f3n y Comercio Electr\u00f3nico (LSSI)\u00bb<\/strong>, ponemos a su conocimiento la siguiente informaci\u00f3n :<\/p>\n<p><strong>BODEGA COOPERATIVA CORNUDELLA, S.C.C.L., [<\/strong>de ahora en adelante<strong>  BODEGA CORNUDELLA],  <\/strong>es el titular del portal Web  <strong>cellercornudella.cat<\/strong>, que act\u00faa exclusivamente como gestora de los contenidos del presente portal Web, domiciliada en: C\/ Comte de Rius, 2 \u2013 43360 CORNUDELLA DE MONTSANT (Tarragona), NIF F43014216, es la encargada de la gesti\u00f3n y funcionamiento del sitio Web mencionado anteriormente.<br \/>Si quiere contactar con nosotros, puede hacerlo mediante correo postal a la direcci\u00f3n mencionada en el p\u00e1rrafo anterior, o bien a trav\u00e9s del correo electr\u00f3nico a <strong>info@cellercornudella.cat.<\/strong><\/p>\n<p><strong>CONCEPTO DE USUARIO<br \/><\/strong>La utilizaci\u00f3n del Sitio Web atribuye la condici\u00f3n de Usuario, e implica la aceptaci\u00f3n plena y sin reservas de todas y cada una de las disposiciones <strong>incluidas en este Aviso Legal,<\/strong> en la versi\u00f3n publicada por <strong>BODEGA CORNUDELLA, <\/strong>en el mismo momento en que el Usuario acceda a la Web. En consecuencia, el Usuario debe leer atentamente el presente Aviso Legal en cada una de las ocasiones en que se proponga utilizar la Web, ya que puede sufrir modificaciones.<\/p>\n<p><strong>INFORMACI\u00d3N SOBRE LOS V\u00cdNCULOS \u00abLINKS\u00bb<br \/>BODEGA CORNUDELLA<\/strong> no se hace responsable de las webs no propias o de terceros, a las que se puede acceder mediante v\u00ednculos <strong>\u00ablinks\u00bb<\/strong> o de cualquier contenido puesto a disposici\u00f3n por terceros.<br \/>Cualquier uso de un v\u00ednculo o acceso a una Web no propia es realizado por voluntad y riesgo exclusivo del usuario y <strong>BODEGA CORNUDELLA<\/strong> no recomienda ni garantiza ninguna informaci\u00f3n obtenida a trav\u00e9s de un v\u00ednculo ajeno a la Web de <strong>cellercornudella.cat, <\/strong> ni se responsabiliza de ninguna p\u00e9rdida, reclamaci\u00f3n o perjuicio derivada del uso o mal uso de un v\u00ednculo, o de la informaci\u00f3n obtenida a trav\u00e9s de \u00e9l, incluyendo otros v\u00ednculos o webs, de la interrupci\u00f3n en el servicio o en el acceso, o del intento de uso o mal uso de un v\u00ednculo, tanto al conectar al Sitio Web.  <strong>cellercornudella.cat<\/strong> como al acceder a la informaci\u00f3n de otras webs desde el propio Sitio Web.<\/p>\n<p><strong>RENUNCIA Y LIMITACI\u00d3N DE LA RESPONSABILIDAD<br \/><\/strong>La informaci\u00f3n y servicios incluidos o disponibles a trav\u00e9s de las p\u00e1ginas Web pueden incluir incorrecciones o errores tipogr\u00e1ficos. De forma peri\u00f3dica se incorporan cambios a la informaci\u00f3n contenida. <strong>BODEGA CORNUDELLA<\/strong> puede introducir en cualquier momento mejoras y\/o cambios en los servicios o contenidos.<br \/>Tambi\u00e9n se advierte que los contenidos de esta Web, tienen la finalidad de informar y mantener el contacto con usted, enviarle informaci\u00f3n de nuestros servicios, seg\u00fan lo previsto en el presente aviso legal y dem\u00e1s textos legales del presente Sitio Web.<\/p>\n<p><strong>INFORMACI\u00d3N SOBRE LA EXENCI\u00d3N DE TODA RESPONSABILIDAD DERIVADA DE UN FALLO T\u00c9CNICO Y DE CONTENIDO<br \/>BODEGA CORNUDELLA<\/strong> declina cualquier responsabilidad en caso de que existan interrupciones o un mal funcionamiento de los servicios o contenidos ofrecidos en Internet, cualquiera que sea su causa.<br \/>Asimismo, <strong>BODEGA CORNUDELLA<\/strong> no se hace responsable por ca\u00eddas de la red, p\u00e9rdidas de negocio a consecuencia de estas ca\u00eddas, suspensiones temporales del fluido el\u00e9ctrico o cualquier otro tipo.<\/p>\n<p><strong>BODEGA CORNUDELLA<\/strong>  no declara ni garantiza que los servicios o contenidos no sean interrumpidos o que est\u00e9n libres de errores, que los defectos sean corregidos, o que el servicio o el servidor que lo pone a disposici\u00f3n est\u00e9n libres de virus u otros componentes nocivos, sin perjuicio de que  <strong>BODEGA CORNUDELLA  <\/strong>realiza sus mejores esfuerzos en evitar este tipo de incidentes. En caso de que el Usuario tomara determinadas decisiones o realizara acciones con base en la informaci\u00f3n incluida en cualquiera de los \u00abwebsites\u00bb, se recomienda la comprobaci\u00f3n de la informaci\u00f3n recibida con otras fuentes.<\/p>\n<p><strong>INFORMACI\u00d3N RELATIVA A LA PROPIEDAD INTELECTUAL LECTUAL E INDUSTRIAL<\/strong><\/p>\n<ol>\n<li>  La estructura, dise\u00f1o y forma de presentaci\u00f3n de los elementos (gr\u00e1ficos, im\u00e1genes, ficheros logotipos, combinaciones de colores y cualquier elemento susceptible de protecci\u00f3n) est\u00e1n protegidos por derechos de propiedad intelectual, titularidad de <strong>BODEGA CORNUDELLA.<\/strong><\/li>\n<li>Est\u00e1n prohibidas la reproducci\u00f3n, la transformaci\u00f3n, distribuci\u00f3n, comunicaci\u00f3n p\u00fablica, puesta a disposici\u00f3n del p\u00fablico y, en general cualquier otra forma de explotaci\u00f3n, parcial o total de los elementos referidos en el apartado anterior. Estos actos de explotaci\u00f3n s\u00f3lo podr\u00e1n ser realizados en virtud de autorizaci\u00f3n expresa de <strong>BODEGA CORNUDELLA<\/strong> y que, en todo caso, deber\u00e1n hacer referencia expl\u00edcita a la titularidad de los citados derechos de propiedad intelectual de <strong>BODEGA CORNUDELLA.<\/strong><\/li>\n<li>S\u00f3lo est\u00e1 autorizado para el uso privado del material documental elaborado por <strong>BODEGA CORNUDELLA. <\/strong>En ning\u00fan caso, podr\u00e1 suprimir, alterar, eludir o manipular cualesquiera dispositivos de protecci\u00f3n o sistemas de seguridad que puedan estar instalados.<\/li>\n<li>Excepto autorizaci\u00f3n expresa de <strong>BODEGA CORNUDELLA,<\/strong> no se permite el enlace a \u00abp\u00e1ginas finales\u00bb, el \u00abframe\u00bb y cualquier otra manipulaci\u00f3n similar. Los enlaces deben estar siempre en la p\u00e1gina principal o \u00abhome page\u00bb <strong>cellercornudella.cat.<\/strong><\/li>\n<li>Los signos distintivos (marcas, nombres comerciales) de <strong>BODEGA CORNUDELLA,<\/strong> est\u00e1n protegidos por derechos de propiedad industrial, quedando prohibida la utilizaci\u00f3n o manipulaci\u00f3n de cualesquiera de los mismos, excepto autorizaci\u00f3n expresa y por escrito de <strong>BODEGA CORNUDELLA.<\/strong><\/li>\n<\/ol>\n<p>&nbsp;<\/p>\n<p><strong>&#8211; 1.2 Pol\u00edtica de Privacidad (RGPDUE)<\/strong><\/p>\n<p><strong>TEXTO LEGAL<\/strong><\/p>\n<p>De conformidad con lo establecido en el <strong>Reglamento (UE) 2016\/679<\/strong>  del Parlamento Europeo y del Consejo, de 27 de abril de 2016, relativo a la protecci\u00f3n de las personas f\u00edsicas con respecto al tratamiento de datos personales y a la libre circulaci\u00f3n de estos datos, le informamos que los datos personales facilitados a trav\u00e9s de los formularios, as\u00ed como su direcci\u00f3n de correo electr\u00f3nico, han sido incluidos en un tratamiento titularidad de  <strong>BODEGA COOPERATIVA CORNUDELLA, S.C.C.L., [<\/strong>en adelante  <strong>BODEGA CORNUDELLA], <\/strong>con domicilio social en la C\/ Comte de Rius, 2 \u2013 43360 CORNUDELLA DE MONTSANT (Tarragona), NIF F43014216, E-mail  <strong>info@cellercornudella.cat,<\/strong> con la finalidad de atender sus consultas y env\u00edo de informaci\u00f3n relacionada con los productos y servicios que ofrece.  <strong>BODEGA CORNUDELLA.<\/strong><\/p>\n<p>Se informa que los datos pueden ser utilizados por el env\u00edo de comunicaciones comerciales, por cualquier medio, relativos a otros servicios de nuestra empresa que puedan ser de su inter\u00e9s. Si bien podr\u00e1 en cualquier momento oponerse a este tipo de env\u00edos, enviando un correo electr\u00f3nico a la direcci\u00f3n <strong>info@cellercornudella.cat<\/strong> indicando en el asunto \u00ab<strong>BAJA DE LA LISTA DE DISTRIBUCI\u00d3N<\/strong>\u00ab.<\/p>\n<p>Asimismo, podr\u00e1 ejercer sus derechos de<strong>a<\/strong>cc\u00e9s,  <strong>r<\/strong>ectificaci\u00f3n, <strong> c<\/strong>ancelaci\u00f3n,  <strong>posici\u00f3n<\/strong>y en su caso,  <strong>p<\/strong>ortabilidad y  <strong>l<\/strong>imitaci\u00f3n, enviando un escrito acompa\u00f1ado de una fotocopia del D.N.I a la siguiente direcci\u00f3n :  <strong>C\/ Comte de Rius, 2 \u2013 43360 CORNUDELLA DE MONTSANT (Tarragona)  <\/strong>o bien envi\u00e1ndolo por correo electr\u00f3nico a  <strong>info@cellercornudella.cat<\/strong>  y acompa\u00f1ada de una fotocopia de su DNI o documento acreditativo equivalente e indicando en el asunto \u00ab<strong>PROTECCI\u00d3N DE DATOS<\/strong>\u201c.<\/p>\n<p><strong>POL\u00cdTICA DE PRIVACIDAD<\/strong><\/p>\n<p><strong>BODEGA CORNUDELLA<\/strong> est\u00e1 especialmente sensibilizada en la protecci\u00f3n de los datos de los usuarios de los servicios a los que se accede a trav\u00e9s del sitio Web. Mediante la presente Pol\u00edtica de Privacidad [en adelante, la Pol\u00edtica] informa a los Usuarios de <strong>cellercornudella.cat<\/strong> del tratamiento y usos a los que se someten los datos personales que se recaban en la Web, con la finalidad de que decidan, libre y voluntariamente, si desean facilitar la informaci\u00f3n solicitada.<\/p>\n<p><strong>BODEGA CORNUDELLA<\/strong>  considera esencial garantizar la protecci\u00f3n de los datos personales por ello, con la finalidad de proteger la intimidad y privacidad de todos los interesados (titulares de los datos), ponemos de manifiesto la presente Pol\u00edtica de Privacidad, comprometi\u00e9ndonos a garantizar las exigencias legales estipuladas en la legislaci\u00f3n y reglamentaci\u00f3n que sea aplicable en la materia de Protecci\u00f3n de Datos Personales.<br \/>As\u00ed pues, en cumplimiento del <strong>Reglamento (UE) 2016\/679<\/strong>, por medio del presente documento, <strong>BODEGA CORNUDELLA<\/strong> <strong>informa :<\/strong><\/p>\n<ol>\n<li><strong>Titularidad de los Tratamientos<br \/>BODEGA CORNUDELLA<\/strong> con domicilio social en: <strong>C\/ Comte de Rius, 2 \u2013 43360 CORNUDELLA DE MONTSANT (Tarragona),<\/strong> es titular de diferentes tratamientos.<br \/>En concreto, los datos recabados a trav\u00e9s de la presente Web, se incorporan al tratamiento  <strong>[USUARIS WEB \/ NEWSLETTER]<\/strong>, a los que le ser\u00e1 aplicada la presente pol\u00edtica de Privacidad.<\/li>\n<li><strong>Recogida y Tratamiento<br \/><\/strong>El tratamiento  <strong>[USUARIS WEB \/ NEWSLETTER]<\/strong>, tiene como principales caracter\u00edsticas:<br \/><strong><br \/>2.1-Finalidad<br \/><\/strong>La finalidad de la recogida e incorporaci\u00f3n de los datos a los citados tratamientos, consisten en:<\/li>\n<ol>\n<li>Para el Tratamiento <strong><br \/>\n  [USUARIS WEB \/ NEWSLETTER]<br \/>\n<\/strong>, ofrecer la informaci\u00f3n solicitada por los interesados en el formulario o cuestionario de la p\u00e1gina Web <strong> cellercornudella.cat.<\/strong><\/li>\n<li>Resolver las cuestiones formuladas.<\/li>\n<li>y remitirles informaci\u00f3n sobre nuestras ofertas de productos y servicios del portal titularidad de<strong> BODEGA CORNUDELLA.<\/strong><\/li>\n<\/ol>\n<\/ol>\n<p><strong><br \/>2.2-Encargado de Tratamiento<br \/><\/strong>En el caso de que haya terceros que accedan a este tratamiento y con los que exista obligaci\u00f3n de suscribir el contrato que prescribe (el art\u00edculo 28 RGPDUE).  <strong><em>Se firmar\u00e1 este contrato sobre los t\u00e9rminos que marca el citado art\u00edculo, que regular\u00e1 contractualmente el uso y la confidencialidad de los datos personales, de conformidad con lo dispuesto en la legislaci\u00f3n vigente.<\/em><\/strong><\/p>\n<p><strong>2.3-Base jur\u00eddica \u2013 Consentimiento<br \/><\/strong>Mediante la cumplimentaci\u00f3n de los diversos formularios contenido en la Web mencionada anteriormente, el interesado presta su consentimiento para que los datos de car\u00e1cter personal suministrados sean incorporados al citado tratamiento, siendo objeto de tratamiento por la misma de conformidad con la presente Pol\u00edtica de Privacidad. De la misma manera presta consentimiento para que <strong>BODEGA CORNUDELLA, <\/strong>env\u00ede informaci\u00f3n peri\u00f3dica e informar de nuestros servicios.<br \/>Si bien podr\u00e1 en cualquier momento oponerse a este tipo de env\u00edos, enviando un correo electr\u00f3nico a la direcci\u00f3n <strong>info@cellercornudella.cat <\/strong>indicando en el asunto \u00ab<strong>BAJA DE LA LISTA DE DISTRIBUCI\u00d3N<\/strong>\u00ab.<\/p>\n<p>&nbsp;<\/p>\n<p><strong>3- Medidas de Seguridad<\/strong><\/p>\n<p><strong>BODEGA CORNUDELLA, <\/strong>ha adoptado los niveles de seguridad de protecci\u00f3n de los datos de car\u00e1cter personal legalmente requeridos, y ha instalado todos los medios y medidas t\u00e9cnicas a su alcance para evitar la p\u00e9rdida, mal uso, alteraci\u00f3n, acceso no autorizado y robo de los mismos.<\/p>\n<p>&nbsp;<\/p>\n<p><strong>4- Derechos de Acceso, Rectificaci\u00f3n, Cancelaci\u00f3n, Oposici\u00f3n, Portabilidad y Limitaci\u00f3n<\/strong><\/p>\n<p>Los interesados titulares de los datos contenidos en el tratamiento  <strong>[USUARIS WEB \/ NEWSLETTER]<\/strong>  as\u00ed como los titulares de datos contenidos en cualquiera de los tratamientos titularidad de  <strong>BODEGA CORNUDELLA, <\/strong>podr\u00e1n dirigirse a la entidad, como responsable de tratamiento, con la finalidad de poder ejercitar sus derechos de<strong>&#8216;a<\/strong>cc\u00e9s,  <strong>r<\/strong>ectificaci\u00f3n,  <strong>c<\/strong>ancelaci\u00f3n,<strong> o<\/strong>posici\u00f3n, <strong>p<\/strong>ortabilidad, y en su caso <strong>la<\/strong>imitaci\u00f3n (Derechos <strong>ARCOPL<\/strong>) respecto de los datos incorporados en el tratamiento.  <\/p>\n<p>Estos derechos tienen car\u00e1cter <strong><br \/>\n  <em>\u00abpersonal\u00edsimo\u00bb,<\/em><br \/>\n<\/strong> por lo que \u00fanicamente podr\u00e1n ser ejercitados por el propio interesado, o su representante legal, previa acreditaci\u00f3n de su identidad, o en su caso, de la suficiencia de la representaci\u00f3n.<\/p>\n<p><strong>A<\/strong>.- El derecho<strong> de acceso<\/strong>, a ejercitar con periodicidad anual, salvo inter\u00e9s leg\u00edtimo acreditado. Al ejercitar el derecho de acceso, el interesado podr\u00e1 optar por los siguientes sistemas de consulta del fichero:<\/p>\n<p>\u2013 el env\u00edo de un correo electr\u00f3nico a: <strong>info@cellercornudella.cat.<\/strong><br \/>\u2013 comunicaci\u00f3n por escrito dirigida a:<strong> CELLER CORNUDELLA, C\/ Comte de Rius, 2 \u2013 43360 CORNUDELLA DE MONTSANT (Tarragona)<\/strong><\/p>\n<p><strong>BODEGA CORNUDELLA, <\/strong> proceder\u00e1 a notificar su decisi\u00f3n en el plazo de un mes. Si fuera en sentido afirmativo, el interesado podr\u00e1 acceder a la referida informaci\u00f3n en el plazo de los 10 d\u00edas siguientes a su notificaci\u00f3n.<\/p>\n<p><strong>B<\/strong>.- El derecho de<strong> rectificaci\u00f3n<\/strong> y <strong>cancelaci\u00f3n<\/strong> podr\u00e1n ser ejercitados, conforme a las siguientes previsiones, siempre que el interesado considere que los datos recogidos en nuestros tratamientos son  <em>inexactos, incompletos, inadecuados o excesivos. En<\/em>  este caso, podr\u00e1 ejercitarlos a trav\u00e9s de alguno de los medios anteriormente previstos.<br \/><strong>BODEGA CORNUDELLA, <\/strong>proceder\u00e1 a la rectificaci\u00f3n o cancelaci\u00f3n dentro de los 10 d\u00edas siguientes al de la recepci\u00f3n de la solicitud<\/p>\n<p><strong>C<\/strong>.- El derecho de<strong> portabilidad<\/strong> podr\u00e1n ser ejercitado, conforme a las siguientes previsiones, siempre que el interesado considere que los datos recogidos en nuestros tratamientos, debes ser devueltos al titular de los datos, o bien a otro tercero (Encargado de tratamiento).<\/p>\n<p><strong>D<\/strong>.- El derecho de<strong> limitaci\u00f3n<\/strong> podr\u00e1n ser ejercitado, previamente el derecho de oposici\u00f3n al tratamiento de sus datos, y que mientras no se resuelva el Derecho de oposici\u00f3n, se limite el tratamiento de las mismas.<\/p>\n<p>&nbsp;<\/p>\n<p><strong>5-Cambio de Normativa<\/strong><\/p>\n<p><strong>BODEGA CORNUDELLA, <\/strong>se reserva el derecho de modificar la presente pol\u00edtica con el objeto de adaptarla a las novedades legislativas o jurisprudenciales as\u00ed como las que pudieran derivarse de \u00abc\u00f3digos tipo\u00bb existentes en la materia. Tales cambios ser\u00e1n comunicados con la antelaci\u00f3n que sea necesaria en nuestra p\u00e1gina Web, sin perjuicio de reclamar el consentimiento necesario de los afectados cuando \u00e9ste no se considerara otorgado conforme a los t\u00e9rminos de la presente pol\u00edtica.<\/p>\n<p>Cualquier duda, pregunta o comentarios que pudiera albergar con referencia a la presente normativa, no dude en consultarlas dirigiendo su comunicaci\u00f3n sobre este tema a: <strong>info@cellercornudella.cat.<\/strong><\/p>\n<p><span><\/span><\/p>\n<p>[\/et_pb_text][\/et_pb_column][\/et_pb_row][\/et_pb_section]<\/p>\n","protected":false},"excerpt":{"rendered":"<p>Textos Legales Versi\u00f3n 1 01-2018 &nbsp; &#8211; 1.1 Aviso Legal (LSSI) De conformidad con el art\u00edculo 10 de la Ley 34\/2002, de 11 de julio, de \u00abServicios de la Sociedad de la Informaci\u00f3n y Comercio Electr\u00f3nico (LSSI)\u00bb, ponemos a su conocimiento la siguiente informaci\u00f3n : BODEGA COOPERATIVA CORNUDELLA, S.C.C.L., [de ahora en adelante BODEGA CORNUDELLA], [&hellip;]<\/p>\n","protected":false},"author":1,"featured_media":0,"parent":0,"menu_order":0,"comment_status":"closed","ping_status":"closed","template":"","meta":{"_acf_changed":false,"_et_pb_use_builder":"on","_et_pb_old_content":"","_et_gb_content_width":"","footnotes":""},"class_list":["post-3272","page","type-page","status-publish","hentry"],"acf":[],"_links":{"self":[{"href":"https:\/\/cellercornudella.cat\/es\/wp-json\/wp\/v2\/pages\/3272","targetHints":{"allow":["GET"]}}],"collection":[{"href":"https:\/\/cellercornudella.cat\/es\/wp-json\/wp\/v2\/pages"}],"about":[{"href":"https:\/\/cellercornudella.cat\/es\/wp-json\/wp\/v2\/types\/page"}],"author":[{"embeddable":true,"href":"https:\/\/cellercornudella.cat\/es\/wp-json\/wp\/v2\/users\/1"}],"replies":[{"embeddable":true,"href":"https:\/\/cellercornudella.cat\/es\/wp-json\/wp\/v2\/comments?post=3272"}],"version-history":[{"count":0,"href":"https:\/\/cellercornudella.cat\/es\/wp-json\/wp\/v2\/pages\/3272\/revisions"}],"wp:attachment":[{"href":"https:\/\/cellercornudella.cat\/es\/wp-json\/wp\/v2\/media?parent=3272"}],"curies":[{"name":"wp","href":"https:\/\/api.w.org\/{rel}","templated":true}]}}