{"id":3288,"date":"2023-08-24T21:48:05","date_gmt":"2023-08-24T19:48:05","guid":{"rendered":"https:\/\/cellercornudella.cat\/origenes\/"},"modified":"2023-11-21T23:45:17","modified_gmt":"2023-11-21T21:45:17","slug":"origenes","status":"publish","type":"page","link":"https:\/\/cellercornudella.cat\/es\/origenes\/","title":{"rendered":"Or\u00edgenes"},"content":{"rendered":"<p>[et_pb_section fb_built=\u00bb1&#8243; _builder_version=\u00bb4.22.1&#8243; _module_preset=\u00bbdefault\u00bb global_colors_info=\u00bb{}\u00bb][et_pb_row _builder_version=\u00bb4.22.1&#8243; _module_preset=\u00bbdefault\u00bb width=\u00bb100%\u00bb max_width=\u00bb80%\u00bb global_colors_info=\u00bb{}\u00bb][et_pb_column type=\u00bb4_4&#8243; _builder_version=\u00bb4.22.1&#8243; _module_preset=\u00bbdefault\u00bb global_colors_info=\u00bb{}\u00bb][et_pb_post_title meta=\u00bboff\u00bb featured_image=\u00bboff\u00bb _builder_version=\u00bb4.22.1&#8243; _module_preset=\u00bbdefault\u00bb title_font=\u00bbAlata|700||on|||||\u00bb title_text_align=\u00bbcenter\u00bb title_font_size=\u00bb50px\u00bb title_letter_spacing=\u00bb2px\u00bb custom_margin=\u00bb||5px||false|false\u00bb global_colors_info=\u00bb{}\u00bb][\/et_pb_post_title][et_pb_divider color=\u00bb#333333&#8243; divider_weight=\u00bb2px\u00bb _builder_version=\u00bb4.22.1&#8243; _module_preset=\u00bbdefault\u00bb width=\u00bb25%\u00bb module_alignment=\u00bbcenter\u00bb global_colors_info=\u00bb{}\u00bb][\/et_pb_divider][\/et_pb_column][\/et_pb_row][et_pb_row column_structure=\u00bb1_2,1_2&#8243; _builder_version=\u00bb4.22.1&#8243; _module_preset=\u00bbdefault\u00bb width=\u00bb100%\u00bb max_width=\u00bb80%\u00bb global_colors_info=\u00bb{}\u00bb][et_pb_column type=\u00bb1_2&#8243; _builder_version=\u00bb4.22.1&#8243; _module_preset=\u00bbdefault\u00bb global_colors_info=\u00bb{}\u00bb][et_pb_text _builder_version=\u00bb4.22.1&#8243; _module_preset=\u00bbdefault\u00bb header_font=\u00bbAlata|700|||||||\u00bb custom_margin=\u00bb||20px||false|false\u00bb global_colors_info=\u00bb{}\u00bb]<\/p>\n<h1>COOPERATIVISMO Y CONSTRUCCI\u00d3N<\/h1>\n<p>[\/et_pb_text][et_pb_text _builder_version=\u00bb4.22.2&#8243; _module_preset=\u00bbdefault\u00bb header_font=\u00bbAlata||||||||\u00bb text_orientation=\u00bbjustified\u00bb custom_margin=\u00bb||21px|||\u00bb global_colors_info=\u00bb{}\u00bb]<\/p>\n<p>A finales del siglo XIX el pueblo de Cornudella de Montsant, como otros muchos, se vio afectado por la plaga de la filoxera. Esta plaga era muy perjudicial para los vi\u00f1edos y causaba su muerte. Con la llegada del insecto, muchos agricultores y jornaleros tuvieron que dejar el campo y emigrar hacia los n\u00facleos industriales del momento, Barcelona y, muy especialmente desde Cornudella, Sabadell. La despoblaci\u00f3 durant aquells anys va ser molt acusada al poble i a la comarca en general.<\/p>\n<p>Los cornudellenses que decidieron quedarse tuvieron que hacer frente a muchas dificultades y lo hicieron cooperando entre s\u00ed. Las primeras d\u00e9cadas del siglo XX fueron unos a\u00f1os en los que el asociacionismo y el cooperativismo tomaron fuerza en el pueblo y en todo el pa\u00eds.<\/p>\n<p>La Bodega Cooperativa de Cornudella de Montsant se empez\u00f3 a construir en 1919 a iniciativa de la Secci\u00f3n Vin\u00edcola del <i>Sindicato Agr\u00edcola y Caja Rural de Ahorros y Pr\u00e9stamos del Priorat<\/i><i>.<\/i> Los miembros de este sindicato contrataron al joven arquitecto C\u00e8sar Martinell para iniciar la construcci\u00f3n de la bodega, que finaliz\u00f3 en 1922.<\/p>\n<p>Fueron tres a\u00f1os de trabajo durante los cuales muchos campesinos, cuando terminaban su trabajo en el pedazo, contribu\u00edan a la construcci\u00f3n de la bodega. Los recursos eran escasos y todo el mundo tuvo que poner de su parte. Sin embargo, con la creaci\u00f3n de la bodega los campesinos ten\u00edan una herramienta m\u00e1s para poder superar la sacudida de la filoxera. Y es que, uniendo cosechas y esfuerzos, pod\u00edan esperarse mejores beneficios.<\/p>\n<p>La Bodega Cooperativa de Cornudella de Montsant se ha dedicado desde sus inicios y hasta la actualidad a la elaboraci\u00f3n y venta de los dos productos principales de nuestras tierras, el vino y el aceite. Despu\u00e9s de m\u00e1s de cien a\u00f1os de historia han sido muchos los cambios que se han producido, pero, sin embargo, el pueblo puede presumir todav\u00eda de haber mantenido el legado dejado por las generaciones pasadas y de haberse sabido adaptar a los nuevos tiempos.<\/p>\n<p>&nbsp;<\/p>\n<p>[\/et_pb_text][et_pb_text _builder_version=\u00bb4.22.1&#8243; _module_preset=\u00bbdefault\u00bb text_font=\u00bb||on||||||\u00bb text_font_size=\u00bb12px\u00bb text_line_height=\u00bb1.2em\u00bb global_colors_info=\u00bb{}\u00bb]<\/p>\n<p>Texto: David Pallej\u00e0 y Alba Corbal\u00e1n, 2013<\/p>\n<p>[\/et_pb_text][\/et_pb_column][et_pb_column type=\u00bb1_2&#8243; _builder_version=\u00bb4.22.1&#8243; _module_preset=\u00bbdefault\u00bb global_colors_info=\u00bb{}\u00bb][et_pb_image src=\u00bbhttps:\/\/cellercornudella.cat\/wp-content\/uploads\/2023\/08\/celler_antiga2-e1693390050536.jpg\u00bb title_text=\u00bbceller_antiga2&#8243; _builder_version=\u00bb4.22.1&#8243; _module_preset=\u00bbdefault\u00bb height=\u00bb100%\u00bb custom_margin=\u00bb||10px|||\u00bb global_colors_info=\u00bb{}\u00bb][\/et_pb_image][et_pb_text _builder_version=\u00bb4.22.1&#8243; _module_preset=\u00bbdefault\u00bb text_font=\u00bb||on||||||\u00bb text_font_size=\u00bb13px\u00bb text_line_height=\u00bb1.4em\u00bb global_colors_info=\u00bb{}\u00bb]<\/p>\n<p>Inicio de los trabajos de construcci\u00f3n de la Bodega. Autor Desconocido. Archivo C\u00e8sar Martinell, Museo de Valls. Licencia Creative Commons. No comercial. Compartir igual.<\/p>\n<p>[\/et_pb_text][\/et_pb_column][\/et_pb_row][\/et_pb_section]<\/p>\n","protected":false},"excerpt":{"rendered":"<p>COOPERATIVISMO Y CONSTRUCCI\u00d3NA finales del siglo XIX el pueblo de Cornudella de Montsant, como otros muchos, se vio afectado por la plaga de la filoxera. Esta plaga era muy perjudicial para los vi\u00f1edos y causaba su muerte. Con la llegada del insecto, muchos agricultores y jornaleros tuvieron que dejar el campo y emigrar hacia los [&hellip;]<\/p>\n","protected":false},"author":1,"featured_media":0,"parent":0,"menu_order":20,"comment_status":"closed","ping_status":"closed","template":"","meta":{"_acf_changed":false,"_et_pb_use_builder":"on","_et_pb_old_content":"","_et_gb_content_width":"","footnotes":""},"class_list":["post-3288","page","type-page","status-publish","hentry"],"acf":[],"_links":{"self":[{"href":"https:\/\/cellercornudella.cat\/es\/wp-json\/wp\/v2\/pages\/3288","targetHints":{"allow":["GET"]}}],"collection":[{"href":"https:\/\/cellercornudella.cat\/es\/wp-json\/wp\/v2\/pages"}],"about":[{"href":"https:\/\/cellercornudella.cat\/es\/wp-json\/wp\/v2\/types\/page"}],"author":[{"embeddable":true,"href":"https:\/\/cellercornudella.cat\/es\/wp-json\/wp\/v2\/users\/1"}],"replies":[{"embeddable":true,"href":"https:\/\/cellercornudella.cat\/es\/wp-json\/wp\/v2\/comments?post=3288"}],"version-history":[{"count":0,"href":"https:\/\/cellercornudella.cat\/es\/wp-json\/wp\/v2\/pages\/3288\/revisions"}],"wp:attachment":[{"href":"https:\/\/cellercornudella.cat\/es\/wp-json\/wp\/v2\/media?parent=3288"}],"curies":[{"name":"wp","href":"https:\/\/api.w.org\/{rel}","templated":true}]}}