{"id":3331,"date":"2023-08-24T21:48:06","date_gmt":"2023-08-24T19:48:06","guid":{"rendered":"https:\/\/cellercornudella.cat\/enoturismo\/"},"modified":"2024-01-28T13:36:37","modified_gmt":"2024-01-28T11:36:37","slug":"enoturismo","status":"publish","type":"page","link":"https:\/\/cellercornudella.cat\/es\/enoturismo\/","title":{"rendered":"Enoturismo"},"content":{"rendered":"<p>[et_pb_section fb_built=\u00bb1&#8243; _builder_version=\u00bb4.22.1&#8243; _module_preset=\u00bbdefault\u00bb global_colors_info=\u00bb{}\u00bb][et_pb_row _builder_version=\u00bb4.22.1&#8243; _module_preset=\u00bbdefault\u00bb width=\u00bb100%\u00bb max_width=\u00bb80%\u00bb global_colors_info=\u00bb{}\u00bb][et_pb_column type=\u00bb4_4&#8243; _builder_version=\u00bb4.22.1&#8243; _module_preset=\u00bbdefault\u00bb global_colors_info=\u00bb{}\u00bb][et_pb_post_title meta=\u00bboff\u00bb featured_image=\u00bboff\u00bb _builder_version=\u00bb4.22.1&#8243; _module_preset=\u00bbdefault\u00bb title_font=\u00bbAlata|700||on|||||\u00bb title_text_align=\u00bbcenter\u00bb title_font_size=\u00bb50px\u00bb title_letter_spacing=\u00bb2px\u00bb custom_margin=\u00bb||5px||false|false\u00bb global_colors_info=\u00bb{}\u00bb][\/et_pb_post_title][et_pb_divider color=\u00bb#333333&#8243; divider_weight=\u00bb2px\u00bb _builder_version=\u00bb4.22.1&#8243; _module_preset=\u00bbdefault\u00bb width=\u00bb25%\u00bb module_alignment=\u00bbcenter\u00bb global_colors_info=\u00bb{}\u00bb][\/et_pb_divider][\/et_pb_column][\/et_pb_row][et_pb_row make_equal=\u00bbon\u00bb _builder_version=\u00bb4.22.1&#8243; _module_preset=\u00bbdefault\u00bb width=\u00bb100%\u00bb max_width=\u00bb80%\u00bb custom_css_main_element=\u00bbalign-items:center;\u00bb global_colors_info=\u00bb{}\u00bb][et_pb_column type=\u00bb4_4&#8243; _builder_version=\u00bb4.22.1&#8243; _module_preset=\u00bbdefault\u00bb global_colors_info=\u00bb{}\u00bb][et_pb_text _builder_version=\u00bb4.23.1&#8243; _module_preset=\u00bbdefault\u00bb text_line_height=\u00bb2em\u00bb header_font=\u00bbAlata||||||||\u00bb header_4_font=\u00bbAlata||||||||\u00bb header_4_text_align=\u00bbcenter\u00bb header_4_font_size=\u00bb20px\u00bb header_4_letter_spacing=\u00bb2px\u00bb header_4_line_height=\u00bb1.1em\u00bb text_orientation=\u00bbjustified\u00bb custom_margin=\u00bb||21px|||\u00bb global_colors_info=\u00bb{}\u00bb]<\/p>\n<h4>En <strong>marzo de 2013<\/strong> abr\u00edamos por primera vez las puertas del <strong>Celler Cooperatiu de Cornudella<\/strong> a todos.<\/h4>\n<h4>Un edificio centenario, pensado, construido y dedicado a la elaboraci\u00f3n de vino y \u00f3leo.<\/h4>\n<h4>Una obra modernista del maestro <strong>C\u00e8sar Martinell<\/strong>, disc\u00edpulo de <strong>Antoni Gaud\u00ed<\/strong>.<\/h4>\n<h4>\u00a1Os invitamos a descubrir nuestra <strong>Catedral del Vino!<\/strong><\/h4>\n<p>&nbsp;<\/p>\n<p>[\/et_pb_text][\/et_pb_column][\/et_pb_row][et_pb_row make_equal=\u00bbon\u00bb _builder_version=\u00bb4.22.1&#8243; _module_preset=\u00bbdefault\u00bb width=\u00bb100%\u00bb max_width=\u00bb80%\u00bb custom_padding=\u00bb54px||5px|||\u00bb custom_css_main_element=\u00bbalign-items:center;\u00bb global_colors_info=\u00bb{}\u00bb][et_pb_column type=\u00bb4_4&#8243; _builder_version=\u00bb4.22.1&#8243; _module_preset=\u00bbdefault\u00bb global_colors_info=\u00bb{}\u00bb][et_pb_text _builder_version=\u00bb4.22.1&#8243; _module_preset=\u00bbdefault\u00bb text_line_height=\u00bb2em\u00bb header_font=\u00bbAlata||||||||\u00bb header_3_font=\u00bbAlata|700||on|||||\u00bb header_3_text_align=\u00bbcenter\u00bb header_3_font_size=\u00bb27px\u00bb header_4_font=\u00bbAlata||||||||\u00bb header_4_text_align=\u00bbcenter\u00bb header_4_font_size=\u00bb20px\u00bb header_4_letter_spacing=\u00bb2px\u00bb header_4_line_height=\u00bb1.1em\u00bb text_orientation=\u00bbjustified\u00bb custom_margin=\u00bb||-2px|||\u00bb global_colors_info=\u00bb{}\u00bb]<\/p>\n<h3>Actividades individuales<\/h3>\n<p><span><\/span><\/p>\n<p>[\/et_pb_text][et_pb_divider color=\u00bb#333333&#8243; divider_weight=\u00bb2px\u00bb _builder_version=\u00bb4.22.1&#8243; _module_preset=\u00bbdefault\u00bb width=\u00bb25%\u00bb module_alignment=\u00bbcenter\u00bb global_colors_info=\u00bb{}\u00bb][\/et_pb_divider][\/et_pb_column][\/et_pb_row][et_pb_row column_structure=\u00bb1_2,1_2&#8243; make_equal=\u00bbon\u00bb _builder_version=\u00bb4.22.2&#8243; _module_preset=\u00bbdefault\u00bb width=\u00bb100%\u00bb max_width=\u00bb80%\u00bb custom_margin=\u00bb-8px|auto||auto||\u00bb custom_padding=\u00bb|20px||20px|false|true\u00bb global_colors_info=\u00bb{}\u00bb][et_pb_column type=\u00bb1_2&#8243; _builder_version=\u00bb4.22.1&#8243; _module_preset=\u00bbdefault\u00bb global_colors_info=\u00bb{}\u00bb][et_pb_blurb title=\u00bbCata de Modernismo\u00bb use_icon=\u00bbon\u00bb font_icon=\u00bb&#xf406;||fa||900&#8243; icon_color=\u00bb#FFFFFF\u00bb icon_placement=\u00bbleft\u00bb image_icon_width=\u00bb20px\u00bb _builder_version=\u00bb4.22.1&#8243; _module_preset=\u00bbdefault\u00bb header_font=\u00bbAlata|700|||||||\u00bb header_text_color=\u00bb#FFFFFF\u00bb header_font_size=\u00bb26px\u00bb header_line_height=\u00bb0.6em\u00bb body_font=\u00bb||||||||\u00bb body_text_color=\u00bb#FFFFFF\u00bb body_font_size=\u00bb18px\u00bb use_background_color_gradient=\u00bbon\u00bb background_color_gradient_stops=\u00bbrgba(255,255,255,0) 76%|rgba(0,0,0,0.7) 100%\u00bb background_color_gradient_overlays_image=\u00bbon\u00bb background_image=\u00bbhttps:\/\/cellercornudella.cat\/wp-content\/uploads\/2023\/09\/tast_modernisme_2019_1.jpg\u00bb min_height=\u00bb500px\u00bb link_option_url=\u00bbhttps:\/\/cellercornudella.cat\/es\/enoturismo\/cata-de-modernismo\/\u00bb global_colors_info=\u00bb{}\u00bb]<\/p>\n<p>S\u00e1bados a las 18h<\/p>\n<p>[\/et_pb_blurb][et_pb_blurb title=\u00bbEntre c\u00f2dols: de la ermita a la bodega\u00bb use_icon=\u00bbon\u00bb font_icon=\u00bb&#xf406;||fa||900&#8243; icon_color=\u00bb#FFFFFF\u00bb icon_placement=\u00bbleft\u00bb image_icon_width=\u00bb20px\u00bb _builder_version=\u00bb4.22.1&#8243; _module_preset=\u00bbdefault\u00bb header_font=\u00bbAlata|700|||||||\u00bb header_text_color=\u00bb#FFFFFF\u00bb header_font_size=\u00bb26px\u00bb header_line_height=\u00bb0.6em\u00bb body_font=\u00bb||||||||\u00bb body_text_color=\u00bb#FFFFFF\u00bb body_font_size=\u00bb18px\u00bb use_background_color_gradient=\u00bbon\u00bb background_color_gradient_stops=\u00bbrgba(255,255,255,0) 76%|rgba(0,0,0,0.7) 100%\u00bb background_color_gradient_overlays_image=\u00bbon\u00bb background_image=\u00bbhttps:\/\/cellercornudella.cat\/wp-content\/uploads\/2023\/09\/entrecodols_destacada_1.jpg\u00bb min_height=\u00bb500px\u00bb link_option_url=\u00bbhttps:\/\/cellercornudella.cat\/es\/enoturismo\/entre-guijarros-de-la-ermita-a-la-bodega\/\u00bb global_colors_info=\u00bb{}\u00bb]<\/p>\n<p>Domingos a las 10h<\/p>\n<p>[\/et_pb_blurb][et_pb_blurb title=\u00bbEntrevinyes 4&#215;4&#8243; use_icon=\u00bbon\u00bb font_icon=\u00bb&#xf406;||fa||900&#8243; icon_color=\u00bb#FFFFFF\u00bb icon_placement=\u00bbleft\u00bb image_icon_width=\u00bb20px\u00bb _builder_version=\u00bb4.22.2&#8243; _module_preset=\u00bbdefault\u00bb header_font=\u00bbAlata|700|||||||\u00bb header_text_color=\u00bb#FFFFFF\u00bb header_font_size=\u00bb26px\u00bb header_line_height=\u00bb0.6em\u00bb body_font=\u00bb||||||||\u00bb body_text_color=\u00bb#FFFFFF\u00bb body_font_size=\u00bb18px\u00bb use_background_color_gradient=\u00bbon\u00bb background_color_gradient_stops=\u00bbrgba(255,255,255,0) 76%|rgba(0,0,0,0.7) 100%\u00bb background_color_gradient_overlays_image=\u00bbon\u00bb background_image=\u00bbhttps:\/\/cellercornudella.cat\/wp-content\/uploads\/2023\/10\/adventures_2.jpg\u00bb min_height=\u00bb500px\u00bb link_option_url=\u00bbhttps:\/\/cellercornudella.cat\/es\/enoturismo\/entrevinyes-4&#215;4\/\u00bb global_colors_info=\u00bb{}\u00bb]<\/p>\n<p>Cualquier d\u00eda de la semana<\/p>\n<p>[\/et_pb_blurb][\/et_pb_column][et_pb_column type=\u00bb1_2&#8243; _builder_version=\u00bb4.22.1&#8243; _module_preset=\u00bbdefault\u00bb global_colors_info=\u00bb{}\u00bb][et_pb_blurb title=\u00bbVirmut\u00bb use_icon=\u00bbon\u00bb font_icon=\u00bb&#xf406;||fa||900&#8243; icon_color=\u00bb#FFFFFF\u00bb icon_placement=\u00bbleft\u00bb image_icon_width=\u00bb20px\u00bb _builder_version=\u00bb4.22.1&#8243; _module_preset=\u00bbdefault\u00bb header_font=\u00bbAlata|700|||||||\u00bb header_text_color=\u00bb#FFFFFF\u00bb header_font_size=\u00bb26px\u00bb header_line_height=\u00bb0.6em\u00bb body_font=\u00bb||||||||\u00bb body_text_color=\u00bb#FFFFFF\u00bb body_font_size=\u00bb18px\u00bb use_background_color_gradient=\u00bbon\u00bb background_color_gradient_stops=\u00bbrgba(255,255,255,0) 76%|rgba(0,0,0,0.7) 100%\u00bb background_color_gradient_overlays_image=\u00bbon\u00bb background_image=\u00bbhttps:\/\/cellercornudella.cat\/wp-content\/uploads\/2023\/09\/virmuts_2019_1.jpg\u00bb min_height=\u00bb500px\u00bb link_option_url=\u00bbhttps:\/\/cellercornudella.cat\/es\/enoturismo\/virmut\/\u00bb global_colors_info=\u00bb{}\u00bb]<\/p>\n<p>Domingos a las 12h<\/p>\n<p>[\/et_pb_blurb][et_pb_blurb title=\u00bbDesayuno de pay\u00e9s entre vi\u00f1edos\u00bb use_icon=\u00bbon\u00bb font_icon=\u00bb&#xf406;||fa||900&#8243; icon_color=\u00bb#FFFFFF\u00bb icon_placement=\u00bbleft\u00bb image_icon_width=\u00bb20px\u00bb _builder_version=\u00bb4.22.1&#8243; _module_preset=\u00bbdefault\u00bb header_font=\u00bbAlata|700|||||||\u00bb header_text_color=\u00bb#FFFFFF\u00bb header_font_size=\u00bb26px\u00bb header_line_height=\u00bb0.6em\u00bb body_font=\u00bb||||||||\u00bb body_text_color=\u00bb#FFFFFF\u00bb body_font_size=\u00bb18px\u00bb use_background_color_gradient=\u00bbon\u00bb background_color_gradient_stops=\u00bbrgba(255,255,255,0) 76%|rgba(0,0,0,0.7) 100%\u00bb background_color_gradient_overlays_image=\u00bbon\u00bb background_image=\u00bbhttps:\/\/cellercornudella.cat\/wp-content\/uploads\/2023\/09\/esmorzar_vinya_3.jpg\u00bb min_height=\u00bb500px\u00bb link_option_url=\u00bbhttps:\/\/cellercornudella.cat\/es\/enoturismo\/desayuno-de-payes-entre-vinedos\/\u00bb global_colors_info=\u00bb{}\u00bb]<\/p>\n<p>D\u00eda a convenir, con reserva.<\/p>\n<p>[\/et_pb_blurb][\/et_pb_column][\/et_pb_row][\/et_pb_section][et_pb_section fb_built=\u00bb1&#8243; _builder_version=\u00bb4.22.1&#8243; _module_preset=\u00bbdefault\u00bb global_colors_info=\u00bb{}\u00bb][et_pb_row make_equal=\u00bbon\u00bb _builder_version=\u00bb4.22.1&#8243; _module_preset=\u00bbdefault\u00bb background_color=\u00bbrgba(224,43,32,0.3)\u00bb width=\u00bb100%\u00bb max_width=\u00bb80%\u00bb custom_padding=\u00bb|20px|3px|20px|false|true\u00bb custom_css_main_element=\u00bbalign-items:center;\u00bb border_radii=\u00bboff|25px|25px||\u00bb global_colors_info=\u00bb{}\u00bb][et_pb_column type=\u00bb4_4&#8243; _builder_version=\u00bb4.22.1&#8243; _module_preset=\u00bbdefault\u00bb global_colors_info=\u00bb{}\u00bb][et_pb_text _builder_version=\u00bb4.23.1&#8243; _module_preset=\u00bbdefault\u00bb text_line_height=\u00bb2em\u00bb header_font=\u00bbAlata||||||||\u00bb header_3_font=\u00bbAlata|700||on|||||\u00bb header_3_text_align=\u00bbcenter\u00bb header_3_font_size=\u00bb27px\u00bb header_4_font=\u00bbAlata||||||||\u00bb header_4_text_align=\u00bbcenter\u00bb header_4_font_size=\u00bb20px\u00bb header_4_letter_spacing=\u00bb2px\u00bb header_4_line_height=\u00bb1.1em\u00bb text_orientation=\u00bbjustified\u00bb custom_margin=\u00bb||-2px|||\u00bb global_colors_info=\u00bb{}\u00bb]<\/p>\n<h3>ACTIVIDADES PARA GRUPOS<\/h3>\n<p>&nbsp;<\/p>\n<p>[\/et_pb_text][et_pb_divider color=\u00bb#333333&#8243; divider_weight=\u00bb2px\u00bb _builder_version=\u00bb4.22.1&#8243; _module_preset=\u00bbdefault\u00bb width=\u00bb25%\u00bb module_alignment=\u00bbcenter\u00bb custom_padding=\u00bb||0px|||\u00bb global_colors_info=\u00bb{}\u00bb][\/et_pb_divider][\/et_pb_column][\/et_pb_row][et_pb_row column_structure=\u00bb1_2,1_2&#8243; make_equal=\u00bbon\u00bb _builder_version=\u00bb4.22.1&#8243; _module_preset=\u00bbdefault\u00bb background_color=\u00bbrgba(224,43,32,0.3)\u00bb width=\u00bb100%\u00bb max_width=\u00bb80%\u00bb custom_padding=\u00bb14px|20px||20px|false|true\u00bb custom_css_main_element=\u00bbalign-items:center;\u00bb border_radii=\u00bboff|||25px|25px\u00bb global_colors_info=\u00bb{}\u00bb][et_pb_column type=\u00bb1_2&#8243; _builder_version=\u00bb4.22.1&#8243; _module_preset=\u00bbdefault\u00bb global_colors_info=\u00bb{}\u00bb][et_pb_blurb title=\u00bbEl Arte de hacer vino\u00bb use_icon=\u00bbon\u00bb font_icon=\u00bb&#xf0c0;||fa||900&#8243; icon_color=\u00bb#FFFFFF\u00bb icon_placement=\u00bbleft\u00bb image_icon_width=\u00bb20px\u00bb _builder_version=\u00bb4.22.1&#8243; _module_preset=\u00bbdefault\u00bb header_font=\u00bbAlata|700|||||||\u00bb header_text_color=\u00bb#FFFFFF\u00bb header_font_size=\u00bb26px\u00bb header_line_height=\u00bb0.6em\u00bb body_font=\u00bb||||||||\u00bb body_text_color=\u00bb#FFFFFF\u00bb body_font_size=\u00bb18px\u00bb use_background_color_gradient=\u00bbon\u00bb background_color_gradient_stops=\u00bbrgba(255,255,255,0) 76%|rgba(0,0,0,0.7) 100%\u00bb background_color_gradient_overlays_image=\u00bbon\u00bb background_image=\u00bbhttps:\/\/cellercornudella.cat\/wp-content\/uploads\/2023\/09\/artdefervi_2019_1.jpg\u00bb min_height=\u00bb500px\u00bb link_option_url=\u00bbhttps:\/\/cellercornudella.cat\/es\/enoturismo\/el-arte-de-hacer-vino\/\u00bb global_colors_info=\u00bb{}\u00bb]<\/p>\n<p>Visita para grupos. Duraci\u00f3n 1:30 h<\/p>\n<p>[\/et_pb_blurb][et_pb_blurb title=\u00bbCreativins en los vi\u00f1edos\u00bb use_icon=\u00bbon\u00bb font_icon=\u00bb&#xf0c0;||fa||900&#8243; icon_color=\u00bb#FFFFFF\u00bb icon_placement=\u00bbleft\u00bb image_icon_width=\u00bb20px\u00bb _builder_version=\u00bb4.22.2&#8243; _module_preset=\u00bbdefault\u00bb header_font=\u00bbAlata|700|||||||\u00bb header_text_color=\u00bb#FFFFFF\u00bb header_font_size=\u00bb26px\u00bb header_line_height=\u00bb0.6em\u00bb body_font=\u00bb||||||||\u00bb body_text_color=\u00bb#FFFFFF\u00bb body_font_size=\u00bb18px\u00bb use_background_color_gradient=\u00bbon\u00bb background_color_gradient_stops=\u00bbrgba(255,255,255,0) 76%|rgba(0,0,0,0.7) 100%\u00bb background_color_gradient_overlays_image=\u00bbon\u00bb background_image=\u00bbhttps:\/\/cellercornudella.cat\/wp-content\/uploads\/2023\/10\/creativins_1.jpeg\u00bb min_height=\u00bb500px\u00bb link_option_url=\u00bbhttps:\/\/cellercornudella.cat\/es\/enoturismo\/creativins-en-los-vinedos-familiar\/\u00bb global_colors_info=\u00bb{}\u00bb]<\/p>\n<p>Actividad familiar. Duraci\u00f3n 1:30 h<\/p>\n<p>[\/et_pb_blurb][\/et_pb_column][et_pb_column type=\u00bb1_2&#8243; _builder_version=\u00bb4.22.1&#8243; _module_preset=\u00bbdefault\u00bb global_colors_info=\u00bb{}\u00bb][et_pb_blurb title=\u00bbVermut expr\u00e9s\u00bb url=\u00bbhttps:\/\/cellercornudella.cat\/es\/enoturismo\/vermut-expres\/\u00bb use_icon=\u00bbon\u00bb font_icon=\u00bb&#xf0c0;||fa||900&#8243; icon_color=\u00bb#FFFFFF\u00bb icon_placement=\u00bbleft\u00bb image_icon_width=\u00bb20px\u00bb _builder_version=\u00bb4.22.1&#8243; _module_preset=\u00bbdefault\u00bb header_font=\u00bbAlata|700|||||||\u00bb header_text_color=\u00bb#FFFFFF\u00bb header_font_size=\u00bb26px\u00bb header_line_height=\u00bb0.6em\u00bb body_font=\u00bb||||||||\u00bb body_text_color=\u00bb#FFFFFF\u00bb body_font_size=\u00bb18px\u00bb use_background_color_gradient=\u00bbon\u00bb background_color_gradient_stops=\u00bbrgba(255,255,255,0) 76%|rgba(0,0,0,0.7) 100%\u00bb background_color_gradient_overlays_image=\u00bbon\u00bb background_image=\u00bbhttps:\/\/cellercornudella.cat\/wp-content\/uploads\/2023\/09\/vermut_expres_1.jpg\u00bb min_height=\u00bb500px\u00bb global_colors_info=\u00bb{}\u00bb]<\/p>\n<p>+30 personas. Duraci\u00f3n: 45 minutos<\/p>\n<p>[\/et_pb_blurb][et_pb_blurb title=\u00bbCreativins en la bodega\u00bb use_icon=\u00bbon\u00bb font_icon=\u00bb&#xf0c0;||fa||900&#8243; icon_color=\u00bb#FFFFFF\u00bb icon_placement=\u00bbleft\u00bb image_icon_width=\u00bb20px\u00bb _builder_version=\u00bb4.22.2&#8243; _module_preset=\u00bbdefault\u00bb header_font=\u00bbAlata|700|||||||\u00bb header_text_color=\u00bb#FFFFFF\u00bb header_font_size=\u00bb26px\u00bb header_line_height=\u00bb0.6em\u00bb body_font=\u00bb||||||||\u00bb body_text_color=\u00bb#FFFFFF\u00bb body_font_size=\u00bb18px\u00bb use_background_color_gradient=\u00bbon\u00bb background_color_gradient_stops=\u00bbrgba(255,255,255,0) 76%|rgba(0,0,0,0.7) 100%\u00bb background_color_gradient_overlays_image=\u00bbon\u00bb background_image=\u00bbhttps:\/\/cellercornudella.cat\/wp-content\/uploads\/2023\/10\/creativins_celler_1.jpeg\u00bb min_height=\u00bb500px\u00bb link_option_url=\u00bbhttps:\/\/cellercornudella.cat\/es\/enoturismo\/creativins-en-la-bodega-familiar\/\u00bb global_colors_info=\u00bb{}\u00bb]<\/p>\n<p>Actividad familiar. Duraci\u00f3n 1:30 h<\/p>\n<p>[\/et_pb_blurb][\/et_pb_column][\/et_pb_row][\/et_pb_section]<\/p>\n","protected":false},"excerpt":{"rendered":"<p>En marzo de 2013 abr\u00edamos por primera vez las puertas del Celler Cooperatiu de Cornudella a todos. Un edificio centenario, pensado, construido y dedicado a la elaboraci\u00f3n de vino y \u00f3leo. Una obra modernista del maestro C\u00e8sar Martinell, disc\u00edpulo de Antoni Gaud\u00ed. \u00a1Os invitamos a descubrir nuestra Catedral del Vino! &nbsp;Actividades individuales S\u00e1bados a las [&hellip;]<\/p>\n","protected":false},"author":1,"featured_media":0,"parent":0,"menu_order":50,"comment_status":"closed","ping_status":"closed","template":"","meta":{"_acf_changed":false,"_et_pb_use_builder":"on","_et_pb_old_content":"","_et_gb_content_width":"","footnotes":""},"class_list":["post-3331","page","type-page","status-publish","hentry"],"acf":[],"_links":{"self":[{"href":"https:\/\/cellercornudella.cat\/es\/wp-json\/wp\/v2\/pages\/3331","targetHints":{"allow":["GET"]}}],"collection":[{"href":"https:\/\/cellercornudella.cat\/es\/wp-json\/wp\/v2\/pages"}],"about":[{"href":"https:\/\/cellercornudella.cat\/es\/wp-json\/wp\/v2\/types\/page"}],"author":[{"embeddable":true,"href":"https:\/\/cellercornudella.cat\/es\/wp-json\/wp\/v2\/users\/1"}],"replies":[{"embeddable":true,"href":"https:\/\/cellercornudella.cat\/es\/wp-json\/wp\/v2\/comments?post=3331"}],"version-history":[{"count":0,"href":"https:\/\/cellercornudella.cat\/es\/wp-json\/wp\/v2\/pages\/3331\/revisions"}],"wp:attachment":[{"href":"https:\/\/cellercornudella.cat\/es\/wp-json\/wp\/v2\/media?parent=3331"}],"curies":[{"name":"wp","href":"https:\/\/api.w.org\/{rel}","templated":true}]}}