{"id":3334,"date":"2023-09-14T23:42:54","date_gmt":"2023-09-14T21:42:54","guid":{"rendered":"https:\/\/cellercornudella.cat\/enoturismo\/entre-guijarros-de-la-ermita-a-la-bodega\/"},"modified":"2026-01-14T18:17:26","modified_gmt":"2026-01-14T16:17:26","slug":"entre-guijarros-de-la-ermita-a-la-bodega","status":"publish","type":"page","link":"https:\/\/cellercornudella.cat\/es\/enoturismo\/entre-guijarros-de-la-ermita-a-la-bodega\/","title":{"rendered":"Entre c\u00f2dols: de la ermita a la bodega"},"content":{"rendered":"<p>[et_pb_section fb_built=\u00bb1&#8243; _builder_version=\u00bb4.16&#8243; custom_padding=\u00bb60px|||||\u00bb global_colors_info=\u00bb{}\u00bb][et_pb_row column_structure=\u00bb1_2,1_2&#8243; _builder_version=\u00bb4.22.1&#8243; _module_preset=\u00bbdefault\u00bb width=\u00bb100%\u00bb max_width=\u00bb80%\u00bb global_colors_info=\u00bb{}\u00bb][et_pb_column type=\u00bb1_2&#8243; _builder_version=\u00bb4.22.1&#8243; _module_preset=\u00bbdefault\u00bb global_colors_info=\u00bb{}\u00bb][et_pb_text _builder_version=\u00bb4.27.4&#8243; background_size=\u00bbinitial\u00bb background_position=\u00bbtop_left\u00bb background_repeat=\u00bbrepeat\u00bb global_colors_info=\u00bb{}\u00bb]<img loading=\"lazy\" decoding=\"async\" class=\"alignnone wp-image-1457 size-full\" src=\"http:\/\/www.cellercornudella.cat\/wp-content\/uploads\/2019\/02\/entrecodols_destacada_1.jpg\" alt=\"\" width=\"1200\" height=\"801\">[\/et_pb_text][\/et_pb_column][et_pb_column type=\u00bb1_2&#8243; _builder_version=\u00bb4.22.1&#8243; _module_preset=\u00bbdefault\u00bb global_colors_info=\u00bb{}\u00bb][et_pb_post_title meta=\u00bboff\u00bb featured_image=\u00bboff\u00bb _builder_version=\u00bb4.22.1&#8243; _module_preset=\u00bbdefault\u00bb title_font=\u00bbAlata|700||on|||||\u00bb title_text_align=\u00bbleft\u00bb title_font_size=\u00bb32px\u00bb title_letter_spacing=\u00bb2px\u00bb custom_margin=\u00bb||5px||false|false\u00bb global_colors_info=\u00bb{}\u00bb][\/et_pb_post_title][et_pb_text _builder_version=\u00bb4.27.4&#8243; text_font_size=\u00bb16px\u00bb text_line_height=\u00bb2em\u00bb background_size=\u00bbinitial\u00bb background_position=\u00bbtop_left\u00bb background_repeat=\u00bbrepeat\u00bb global_colors_info=\u00bb{}\u00bb]<\/p>\n<p data-start=\"200\" data-end=\"610\">L&#8217;Entrec\u00f2dols es <strong data-start=\"216\" data-end=\"275\">experiencia enotur\u00edstica totalmente inmersiva en el Priorat<\/strong> , pensada para que descubra el mundo del vino <strong data-start=\"316\" data-end=\"352\">desde el vi\u00f1edo hasta la botella<\/strong> , viviendo cada etapa del proceso en primera persona. Esta actividad combina paisaje, historia, cultura vitivin\u00edcola y catas, y es ideal para todos vosotros que desea profundizar en el <strong data-start=\"539\" data-end=\"575\">enoturismo en el Priorat y Montsant<\/strong> de una manera aut\u00e9ntica y completa. <\/p>\n<p data-start=\"612\" data-end=\"1010\">La experiencia comienza con una <strong data-start=\"642\" data-end=\"672\">ruta guiada en veh\u00edculo 4\u00d74<\/strong> que le lleva hasta la <strong data-start=\"695\" data-end=\"730\">Ermita de San Juan del Codolar<\/strong> , situada en la falda del <strong data-start=\"755\" data-end=\"795\">Parque Natural de la Sierra de Montsant<\/strong> . Este entorno espectacular, marcado por los riscos y el silencio, es tierra de eremitas y de tradici\u00f3n agr\u00edcola, y le permite entender la relaci\u00f3n ancestral entre la naturaleza, la espiritualidad y la viticultura del territorio. <\/p>\n<p data-start=\"1012\" data-end=\"1568\">Desde aqu\u00ed iniciar\u00e1 un <strong data-start=\"1036\" data-end=\"1068\">itinerario a pie entre vi\u00f1edos<\/strong> , siguiendo el antiguo <strong data-start=\"1086\" data-end=\"1110\">Camino de los Cartujos<\/strong> , una ruta hist\u00f3rica que conectaba el monasterio de Escaladei con los pueblos del Priorat. Durante el recorrido, pasear\u00e1 entre cepas, m\u00e1rgenes de piedra seca y campos de cultivo, mientras descubra el <strong data-start=\"1303\" data-end=\"1324\">ciclo de la vi\u00f1a<\/strong> , las variedades de uva, el trabajo de los viticultores y la influencia del suelo, el clima y la orograf\u00eda en el car\u00e1cter de los vinos DO Montsant y DOQ Priorat. Pisando el vi\u00f1edo, comprender\u00e1 el origen del vino y el porqu\u00e9 de su personalidad \u00fanica.  <\/p>\n<p data-start=\"1570\" data-end=\"2019\">El recorrido finaliza en <strong data-start=\"1596\" data-end=\"1622\">Cornudella de Montsant<\/strong> , donde le espera la <a href=\"https:\/\/cellercornudella.cat\/es\/\" rel=\"noopener\"><strong data-start=\"1640\" data-end=\"1675\">Bodega Cooperativa de Cornudella<\/strong><\/a> , nuestra impresionante <strong data-start=\"1695\" data-end=\"1733\">Catedral del Vino de estilo modernista<\/strong> , con m\u00e1s de 100 a\u00f1os de historia. Durante la <strong data-start=\"1777\" data-end=\"1804\">visita guiada a la bodega<\/strong> , conocer\u00e1 todo el proceso de elaboraci\u00f3n del vino: desde la entrada de la uva hasta el embotellado, comparando las t\u00e9cnicas tradicionales de nuestros antepasados \u200b\u200bcon los sistemas actuales de producci\u00f3n y comercializaci\u00f3n. <\/p>\n<p data-start=\"2021\" data-end=\"2308\">Para cerrar la experiencia, disfrutar\u00e1 de una <strong data-start=\"2061\" data-end=\"2117\">cata de vermut y dos vinos elaborados en la misma bodega<\/strong> , que le permitir\u00e1 poner aroma y sabor a todo lo que habr\u00e1 descubierto a lo largo del recorrido. Una cata que completa el viaje del vino, <strong data-start=\"2249\" data-end=\"2276\">del vi\u00f1edo a la botella<\/strong> , en un entorno patrimonial \u00fanico. <\/p>\n<p data-start=\"2310\" data-end=\"2540\" data-is-last-node=\"\" data-is-only-node=\"\">Esta actividad es ideal para todos vosotros que busca <strong data-start=\"2370\" data-end=\"2448\">experiencias enotur\u00edsticas completas, inmersivas y de calidad en el Priorat<\/strong> , combinando naturaleza, historia, patrimonio y vino en una propuesta que recordar\u00e9is mucho tiempo.<\/p>\n<p>[\/et_pb_text][\/et_pb_column][\/et_pb_row][\/et_pb_section][et_pb_section fb_built=\u00bb1&#8243; _builder_version=\u00bb4.16&#8243; global_colors_info=\u00bb{}\u00bb][et_pb_row column_structure=\u00bb1_3,1_3,1_3&#8243; _builder_version=\u00bb4.22.1&#8243; _module_preset=\u00bbdefault\u00bb width=\u00bb100%\u00bb max_width=\u00bb80%\u00bb global_colors_info=\u00bb{}\u00bb][et_pb_column type=\u00bb1_3&#8243; _builder_version=\u00bb4.22.1&#8243; _module_preset=\u00bbdefault\u00bb global_colors_info=\u00bb{}\u00bb][et_pb_blurb title=\u00bbEl domingo a las 10 h\u00bb use_icon=\u00bbon\u00bb font_icon=\u00bb&#xf073;||fa||400&#8243; icon_color=\u00bb#000000&#8243; _builder_version=\u00bb4.27.4&#8243; _module_preset=\u00bbdefault\u00bb header_font=\u00bbAlata|700|||||||\u00bb header_text_align=\u00bbcenter\u00bb header_font_size=\u00bb22px\u00bb body_text_align=\u00bbcenter\u00bb body_line_height=\u00bb2em\u00bb global_colors_info=\u00bb{}\u00bb]<\/p>\n<p><span style=\"color: #000000;\">M\u00e1ximo 6 personas<br \/><strong>ATENCI\u00d3N!! Es necesario reservar previamente.<\/strong><\/span><\/p>\n<p>[\/et_pb_blurb][\/et_pb_column][et_pb_column type=\u00bb1_3&#8243; _builder_version=\u00bb4.22.1&#8243; _module_preset=\u00bbdefault\u00bb global_colors_info=\u00bb{}\u00bb][et_pb_blurb title=\u00bbDuraci\u00f3n\u00bb use_icon=\u00bbon\u00bb font_icon=\u00bb&#xf017;||fa||400&#8243; icon_color=\u00bb#000000&#8243; _builder_version=\u00bb4.27.4&#8243; _module_preset=\u00bbdefault\u00bb header_font=\u00bbAlata|700|||||||\u00bb header_text_align=\u00bbcenter\u00bb header_font_size=\u00bb22px\u00bb body_text_align=\u00bbcenter\u00bb body_line_height=\u00bb2em\u00bb global_colors_info=\u00bb{}\u00bb]<\/p>\n<p><span style=\"color: #000000;\">Aproximadamente 3:30 h.<\/span><\/p>\n<p>[\/et_pb_blurb][\/et_pb_column][et_pb_column type=\u00bb1_3&#8243; _builder_version=\u00bb4.22.1&#8243; _module_preset=\u00bbdefault\u00bb global_colors_info=\u00bb{}\u00bb][et_pb_blurb title=\u00bbPrecio:\u00bb use_icon=\u00bbon\u00bb font_icon=\u00bb&#xf153;||fa||900&#8243; icon_color=\u00bb#000000&#8243; _builder_version=\u00bb4.27.4&#8243; _module_preset=\u00bbdefault\u00bb header_font=\u00bbAlata|700|||||||\u00bb header_text_align=\u00bbcenter\u00bb header_font_size=\u00bb22px\u00bb body_text_align=\u00bbcenter\u00bb body_line_height=\u00bb2em\u00bb global_colors_info=\u00bb{}\u00bb]<\/p>\n<p><span style=\"color: #000000;\"><strong>Adultos<\/strong> (+ 18 a\u00f1os): 2 personas 28\u20ac\/persona<br \/> A partir de 3 personas: 25\u20ac\/persona <strong><br \/>Infantil<\/strong> (de 5 a 17 a\u00f1os): 15\u20ac\/persona (No incluye vino)<\/span><\/p>\n<p>[\/et_pb_blurb][\/et_pb_column][\/et_pb_row][et_pb_row _builder_version=\u00bb4.16&#8243; global_colors_info=\u00bb{}\u00bb][et_pb_column type=\u00bb4_4&#8243; _builder_version=\u00bb4.16&#8243; custom_padding=\u00bb|||\u00bb global_colors_info=\u00bb{}\u00bb custom_padding__hover=\u00bb|||\u00bb][et_pb_button button_url=\u00bbhttps:\/\/tickets.montsantnatura.cat\/reserva-activitats\/activitats-enoturistiques\/entrecodols\/\u00bb button_text=\u00bbRESERVA AHORA\u00bb button_alignment=\u00bbcenter\u00bb _builder_version=\u00bb4.22.1&#8243; custom_button=\u00bbon\u00bb button_text_size=\u00bb24px\u00bb button_text_color=\u00bb#000000&#8243; button_bg_color=\u00bb#FFFFFF\u00bb button_border_width=\u00bb2px\u00bb button_border_color=\u00bb#000000&#8243; button_border_radius=\u00bb15px\u00bb button_font=\u00bbAlata|700|||||||\u00bb button_icon=\u00bb&#x3d;||divi||400&#8243; global_colors_info=\u00bb{}\u00bb button_border_width__hover_enabled=\u00bbon|hover\u00bb button_border_width__hover=\u00bb3px\u00bb][\/et_pb_button][\/et_pb_column][\/et_pb_row][\/et_pb_section][et_pb_section fb_built=\u00bb1&#8243; _builder_version=\u00bb4.16&#8243; global_colors_info=\u00bb{}\u00bb][et_pb_row _builder_version=\u00bb4.16&#8243; global_colors_info=\u00bb{}\u00bb][et_pb_column type=\u00bb4_4&#8243; _builder_version=\u00bb4.16&#8243; custom_padding=\u00bb|||\u00bb global_colors_info=\u00bb{}\u00bb custom_padding__hover=\u00bb|||\u00bb][et_pb_code _builder_version=\u00bb4.16&#8243; global_colors_info=\u00bb{}\u00bb]<!-- [et_pb_line_break_holder] --><iframe loading=\"lazy\" width=\"560\" height=\"315\" src=\"https:\/\/www.youtube.com\/embed\/pDEBQ71vdIE?controls=0\" frameborder=\"0\" allow=\"accelerometer; autoplay; encrypted-media; gyroscope; picture-in-picture\" allowfullscreen=\"\"><\/iframe><!-- [et_pb_line_break_holder] -->[\/et_pb_code][\/et_pb_column][\/et_pb_row][\/et_pb_section][et_pb_section fb_built=\u00bb1&#8243; _builder_version=\u00bb4.22.1&#8243; background_enable_color=\u00bboff\u00bb global_colors_info=\u00bb{}\u00bb][et_pb_row _builder_version=\u00bb4.22.1&#8243; background_color=\u00bb#f3f3f3&#8243; background_size=\u00bbinitial\u00bb background_position=\u00bbtop_left\u00bb background_repeat=\u00bbrepeat\u00bb border_radii=\u00bboff|25px|25px||\u00bb global_colors_info=\u00bb{}\u00bb][et_pb_column type=\u00bb4_4&#8243; _builder_version=\u00bb4.16&#8243; custom_padding=\u00bb|||\u00bb global_colors_info=\u00bb{}\u00bb custom_padding__hover=\u00bb|||\u00bb][et_pb_text _builder_version=\u00bb4.22.1&#8243; header_3_font=\u00bbAlata|700|||||||\u00bb header_3_text_color=\u00bb#000000&#8243; header_3_font_size=\u00bb26px\u00bb background_size=\u00bbinitial\u00bb background_position=\u00bbtop_left\u00bb background_repeat=\u00bbrepeat\u00bb global_colors_info=\u00bb{}\u00bb]<\/p>\n<h3 style=\"text-align: center;\">\u00bfTienes alguna duda? Cont\u00e1ctanos!<\/h3>\n<p>[\/et_pb_text][\/et_pb_column][\/et_pb_row][et_pb_row column_structure=\u00bb1_3,1_3,1_3&#8243; _builder_version=\u00bb4.22.1&#8243; background_color=\u00bb#f3f3f3&#8243; background_size=\u00bbinitial\u00bb background_position=\u00bbtop_left\u00bb background_repeat=\u00bbrepeat\u00bb border_radii=\u00bboff|||25px|25px\u00bb global_colors_info=\u00bb{}\u00bb][et_pb_column type=\u00bb1_3&#8243; _builder_version=\u00bb4.16&#8243; custom_padding=\u00bb|||\u00bb global_colors_info=\u00bb{}\u00bb custom_padding__hover=\u00bb|||\u00bb][et_pb_blurb title=\u00bbactivitats@montsantnatura.cat\u00bb use_icon=\u00bbon\u00bb font_icon=\u00bb&#xf0e0;||fa||400&#8243; icon_color=\u00bb#000000&#8243; image_icon_width=\u00bb75px\u00bb _builder_version=\u00bb4.22.1&#8243; _module_preset=\u00bbdefault\u00bb header_font=\u00bbAlata|700|||||||\u00bb header_text_align=\u00bbcenter\u00bb header_font_size=\u00bb20px\u00bb body_text_align=\u00bbcenter\u00bb body_line_height=\u00bb2em\u00bb link_option_url=\u00bbmailto:activitats@montsantnatura.cat\u00bb global_colors_info=\u00bb{}\u00bb][\/et_pb_blurb][\/et_pb_column][et_pb_column type=\u00bb1_3&#8243; _builder_version=\u00bb4.16&#8243; custom_padding=\u00bb|||\u00bb global_colors_info=\u00bb{}\u00bb custom_padding__hover=\u00bb|||\u00bb][et_pb_blurb title=\u00bb977 82 13 13&#8243; use_icon=\u00bbon\u00bb font_icon=\u00bb&#xf879;||fa||900&#8243; icon_color=\u00bb#000000&#8243; image_icon_width=\u00bb75px\u00bb _builder_version=\u00bb4.22.1&#8243; _module_preset=\u00bbdefault\u00bb header_font=\u00bbAlata|700|||||||\u00bb header_text_align=\u00bbcenter\u00bb header_font_size=\u00bb20px\u00bb body_text_align=\u00bbcenter\u00bb body_line_height=\u00bb2em\u00bb link_option_url=\u00bbtel:0034977821313&#8243; global_colors_info=\u00bb{}\u00bb][\/et_pb_blurb][\/et_pb_column][et_pb_column type=\u00bb1_3&#8243; _builder_version=\u00bb4.16&#8243; custom_padding=\u00bb|||\u00bb global_colors_info=\u00bb{}\u00bb custom_padding__hover=\u00bb|||\u00bb][et_pb_blurb title=\u00bbWhatsApp\u00bb use_icon=\u00bbon\u00bb font_icon=\u00bb&#xf232;||fa||400&#8243; icon_color=\u00bb#000000&#8243; image_icon_width=\u00bb75px\u00bb _builder_version=\u00bb4.27.4&#8243; _module_preset=\u00bbdefault\u00bb header_font=\u00bbAlata|700|||||||\u00bb header_text_align=\u00bbcenter\u00bb header_font_size=\u00bb20px\u00bb body_text_align=\u00bbcenter\u00bb body_line_height=\u00bb2em\u00bb link_option_url=\u00bbhttps:\/\/wa.me\/34676152382&#8243; link_option_url_new_window=\u00bbon\u00bb global_colors_info=\u00bb{}\u00bb][\/et_pb_blurb][\/et_pb_column][\/et_pb_row][\/et_pb_section]<\/p>\n","protected":false},"excerpt":{"rendered":"<p>L&#8217;Entrec\u00f2dols es experiencia enotur\u00edstica totalmente inmersiva en el Priorat , pensada para que descubra el mundo del vino desde el vi\u00f1edo hasta la botella , viviendo cada etapa del proceso en primera persona. Esta actividad combina paisaje, historia, cultura vitivin\u00edcola y catas, y es ideal para todos vosotros que desea profundizar en el enoturismo en [&hellip;]<\/p>\n","protected":false},"author":1,"featured_media":0,"parent":3331,"menu_order":0,"comment_status":"closed","ping_status":"closed","template":"","meta":{"_acf_changed":false,"_et_pb_use_builder":"on","_et_pb_old_content":"","_et_gb_content_width":"","footnotes":""},"class_list":["post-3334","page","type-page","status-publish","hentry"],"acf":[],"_links":{"self":[{"href":"https:\/\/cellercornudella.cat\/es\/wp-json\/wp\/v2\/pages\/3334","targetHints":{"allow":["GET"]}}],"collection":[{"href":"https:\/\/cellercornudella.cat\/es\/wp-json\/wp\/v2\/pages"}],"about":[{"href":"https:\/\/cellercornudella.cat\/es\/wp-json\/wp\/v2\/types\/page"}],"author":[{"embeddable":true,"href":"https:\/\/cellercornudella.cat\/es\/wp-json\/wp\/v2\/users\/1"}],"replies":[{"embeddable":true,"href":"https:\/\/cellercornudella.cat\/es\/wp-json\/wp\/v2\/comments?post=3334"}],"version-history":[{"count":3,"href":"https:\/\/cellercornudella.cat\/es\/wp-json\/wp\/v2\/pages\/3334\/revisions"}],"predecessor-version":[{"id":13071,"href":"https:\/\/cellercornudella.cat\/es\/wp-json\/wp\/v2\/pages\/3334\/revisions\/13071"}],"up":[{"embeddable":true,"href":"https:\/\/cellercornudella.cat\/es\/wp-json\/wp\/v2\/pages\/3331"}],"wp:attachment":[{"href":"https:\/\/cellercornudella.cat\/es\/wp-json\/wp\/v2\/media?parent=3334"}],"curies":[{"name":"wp","href":"https:\/\/api.w.org\/{rel}","templated":true}]}}