{"id":3349,"date":"2023-09-15T00:23:04","date_gmt":"2023-09-14T22:23:04","guid":{"rendered":"https:\/\/cellercornudella.cat\/enoturismo\/el-arte-de-hacer-vino\/"},"modified":"2026-01-18T12:41:33","modified_gmt":"2026-01-18T10:41:33","slug":"el-arte-de-hacer-vino","status":"publish","type":"page","link":"https:\/\/cellercornudella.cat\/es\/enoturismo\/el-arte-de-hacer-vino\/","title":{"rendered":"El Arte de hacer vino"},"content":{"rendered":"<p>[et_pb_section fb_built=\u00bb1&#8243; _builder_version=\u00bb4.16&#8243; custom_padding=\u00bb60px|||||\u00bb global_colors_info=\u00bb{}\u00bb][et_pb_row column_structure=\u00bb1_2,1_2&#8243; _builder_version=\u00bb4.22.1&#8243; _module_preset=\u00bbdefault\u00bb width=\u00bb100%\u00bb max_width=\u00bb80%\u00bb global_colors_info=\u00bb{}\u00bb][et_pb_column type=\u00bb1_2&#8243; _builder_version=\u00bb4.22.1&#8243; _module_preset=\u00bbdefault\u00bb global_colors_info=\u00bb{}\u00bb][et_pb_text _builder_version=\u00bb4.27.4&#8243; background_size=\u00bbinitial\u00bb background_position=\u00bbtop_left\u00bb background_repeat=\u00bbrepeat\u00bb global_colors_info=\u00bb{}\u00bb]<img loading=\"lazy\" decoding=\"async\" class=\"aligncenter wp-image-1458 size-full\" src=\"http:\/\/www.cellercornudella.cat\/wp-content\/uploads\/2019\/02\/artdefervi_2019_1.jpg\" alt=\"\" width=\"1200\" height=\"801\">[\/et_pb_text][\/et_pb_column][et_pb_column type=\u00bb1_2&#8243; _builder_version=\u00bb4.22.1&#8243; _module_preset=\u00bbdefault\u00bb global_colors_info=\u00bb{}\u00bb][et_pb_post_title meta=\u00bboff\u00bb featured_image=\u00bboff\u00bb _builder_version=\u00bb4.22.1&#8243; _module_preset=\u00bbdefault\u00bb title_font=\u00bbAlata|700||on|||||\u00bb title_text_align=\u00bbleft\u00bb title_font_size=\u00bb32px\u00bb title_letter_spacing=\u00bb2px\u00bb custom_margin=\u00bb||5px||false|false\u00bb global_colors_info=\u00bb{}\u00bb][\/et_pb_post_title][et_pb_text _builder_version=\u00bb4.27.4&#8243; text_font_size=\u00bb16px\u00bb text_line_height=\u00bb2em\u00bb background_size=\u00bbinitial\u00bb background_position=\u00bbtop_left\u00bb background_repeat=\u00bbrepeat\u00bb global_colors_info=\u00bb{}\u00bb]<\/p>\n<p data-start=\"283\" data-end=\"705\"><span style=\"color: #000000;\"><strong data-start=\"283\" data-end=\"302\">EL ARTE DE HACER VINO<\/strong> es una <strong data-start=\"310\" data-end=\"382\">experiencia enotur\u00edstica exclusiva para grupos de m\u00e1s de 20 personas<\/strong> , pensada para aquellos que desea descubrir el mundo del vino desde una perspectiva cultural, hist\u00f3rica y arquitect\u00f3nica. Esta actividad le invita a adentrarse en un espacio \u00fanico del Priorat: la <strong data-start=\"577\" data-end=\"618\"><span class=\"hover:entity-accent entity-underline inline cursor-pointer align-baseline\"><span class=\"whitespace-normal\">Bodega Cooperativa de Cornudella de Montsant<\/span><\/span><\/strong> , una aut\u00e9ntica <strong data-start=\"634\" data-end=\"672\">Catedral del Vino de estilo modernista<\/strong> , con m\u00e1s de 100 a\u00f1os de historia. <\/span><\/p>\n<p data-start=\"707\" data-end=\"1281\"><span style=\"color: #000000;\">La visita comienza con una <strong data-start=\"733\" data-end=\"771\">visita guiada a la bodega modernista<\/strong> , un edificio centenario considerado <strong data-start=\"805\" data-end=\"828\">monumento industrial<\/strong> y uno de los elementos patrimoniales m\u00e1s emblem\u00e1ticos de Cornudella de Montsant. Construida a principios del siglo XX, esta bodega es un ejemplo excepcional de la arquitectura modernista aplicada al mundo rural, dise\u00f1ada para dignificar el trabajo del vi\u00f1edo y la producci\u00f3n del vino. Durante el recorrido, descubrir\u00e1 sus espectaculares instalaciones, las naves, los arcos, los dep\u00f3sitos originales y los espacios que han visto pasar generaciones de viticultores.  <\/span><\/p>\n<p data-start=\"1283\" data-end=\"1838\"><span style=\"color: #000000;\">A lo largo de la visita, conocer\u00e1 en profundidad la <strong data-start=\"1335\" data-end=\"1383\">historia vitivin\u00edcola del Priorat y Montsant<\/strong> , as\u00ed como el papel clave de las cooperativas en el desarrollo econ\u00f3mico y social del territorio. Les explicaremos las <strong data-start=\"1501\" data-end=\"1625\">principales diferencias entre el proceso de elaboraci\u00f3n del vino de nuestros antepasados \u200b\u200by los sistemas actuales de producci\u00f3n<\/strong> , poniendo en valor la evoluci\u00f3n tecnol\u00f3gica sin perder la esencia de la tradici\u00f3n. Este contraste entre pasado y presente le permitir\u00e1 entender c\u00f3mo se ha mantenido la calidad e identidad de los vinos a lo largo del tiempo.  <\/span><\/p>\n<p data-start=\"1840\" data-end=\"2252\"><span style=\"color: #000000;\"><strong data-start=\"1840\" data-end=\"1859\">EL ARTE DE HACER VINO<\/strong> es mucho m\u00e1s que una visita: es una actividad cultural que combina <strong data-start=\"1926\" data-end=\"1965\">arquitectura, historia y enoturismo<\/strong> , ideal para <strong data-start=\"1979\" data-end=\"2051\">grupos organizados, empresas, asociaciones, clubes o viajes culturales<\/strong> que buscan una experiencia enriquecedora y bien estructurada. El formato exclusivo para grandes grupos permite adaptar las explicaciones, crear un ambiente participativo y disfrutar de la experiencia con comodidad. <\/span><\/p>\n<p data-start=\"2254\" data-end=\"2603\"><span style=\"color: #000000;\">La visita finaliza con una <strong data-start=\"2281\" data-end=\"2329\">cata de tres vinos elaborados en la misma bodega<\/strong> , seleccionados para representar el car\u00e1cter del territorio y el trabajo actual de la cooperativa. Durante la cata, podr\u00e1 apreciar las diferencias entre variedades, estilos y expresiones del vino, conectando los sabores con todo lo que habr\u00e1 descubierto durante la visita guiada. <\/span><\/p>\n<p data-start=\"2605\" data-end=\"2977\" data-is-last-node=\"\" data-is-only-node=\"\"><span style=\"color: #000000;\">Esta actividad es ideal para todos vosotros que desea <strong data-start=\"2663\" data-end=\"2703\">descubrir el arte de hacer vino en el Priorat<\/strong> , profundizar en el patrimonio vitivin\u00edcola y vivir una experiencia enotur\u00edstica de calidad en un entorno singular. <strong data-start=\"2817\" data-end=\"2836\">EL ARTE DE HACER VINO<\/strong> es una propuesta completa, did\u00e1ctica y memorable, que convierte una visita a la bodega en una aut\u00e9ntica experiencia cultural compartida.<\/span><\/p>\n<p>[\/et_pb_text][\/et_pb_column][\/et_pb_row][\/et_pb_section][et_pb_section fb_built=\u00bb1&#8243; _builder_version=\u00bb4.16&#8243; global_colors_info=\u00bb{}\u00bb][et_pb_row column_structure=\u00bb1_4,1_4,1_4,1_4&#8243; _builder_version=\u00bb4.22.1&#8243; _module_preset=\u00bbdefault\u00bb width=\u00bb100%\u00bb max_width=\u00bb80%\u00bb global_colors_info=\u00bb{}\u00bb][et_pb_column type=\u00bb1_4&#8243; _builder_version=\u00bb4.22.1&#8243; _module_preset=\u00bbdefault\u00bb global_colors_info=\u00bb{}\u00bb][et_pb_blurb title=\u00bbReserva a convenir\u00bb use_icon=\u00bbon\u00bb font_icon=\u00bb&#xf073;||fa||400&#8243; icon_color=\u00bb#000000&#8243; _builder_version=\u00bb4.27.4&#8243; _module_preset=\u00bbdefault\u00bb header_font=\u00bbAlata|700|||||||\u00bb header_text_align=\u00bbcenter\u00bb header_font_size=\u00bb22px\u00bb body_text_align=\u00bbcenter\u00bb body_line_height=\u00bb2em\u00bb global_colors_info=\u00bb{}\u00bb]<\/p>\n<p><span style=\"color: #000000;\">Disponibilidad de lunes a domingo por las ma\u00f1anas y de lunes a viernes por las tardes.<br \/> M\u00ednimo 20 personas adultas<br \/><strong>ATENCI\u00d3N!! Es necesario reservar previamente.<\/strong><\/span><\/p>\n<p>[\/et_pb_blurb][\/et_pb_column][et_pb_column type=\u00bb1_4&#8243; _builder_version=\u00bb4.22.1&#8243; _module_preset=\u00bbdefault\u00bb global_colors_info=\u00bb{}\u00bb][et_pb_blurb title=\u00bbDuraci\u00f3n\u00bb use_icon=\u00bbon\u00bb font_icon=\u00bb&#xf017;||fa||400&#8243; icon_color=\u00bb#000000&#8243; _builder_version=\u00bb4.27.4&#8243; _module_preset=\u00bbdefault\u00bb header_font=\u00bbAlata|700|||||||\u00bb header_text_align=\u00bbcenter\u00bb header_font_size=\u00bb22px\u00bb body_text_align=\u00bbcenter\u00bb body_line_height=\u00bb2em\u00bb global_colors_info=\u00bb{}\u00bb]<\/p>\n<p><span style=\"color: #000000;\">Aproximadamente 1:30 h.<\/span><\/p>\n<p>[\/et_pb_blurb][\/et_pb_column][et_pb_column type=\u00bb1_4&#8243; _builder_version=\u00bb4.22.1&#8243; _module_preset=\u00bbdefault\u00bb global_colors_info=\u00bb{}\u00bb][et_pb_blurb title=\u00bbPrecio:\u00bb use_icon=\u00bbon\u00bb font_icon=\u00bb&#xf153;||fa||900&#8243; icon_color=\u00bb#000000&#8243; _builder_version=\u00bb4.27.4&#8243; _module_preset=\u00bbdefault\u00bb header_font=\u00bbAlata|700|||||||\u00bb header_text_align=\u00bbcenter\u00bb header_font_size=\u00bb22px\u00bb body_text_align=\u00bbcenter\u00bb body_line_height=\u00bb2em\u00bb custom_padding=\u00bb||2px|||\u00bb hover_enabled=\u00bb0&#8243; global_colors_info=\u00bb{}\u00bb sticky_enabled=\u00bb0&#8243;]<\/p>\n<p><span style=\"color: #000000;\"><strong>Adultos<\/strong> (+18 a\u00f1os): <strong>10\u20ac<br \/> Infantil<\/strong> (de 5 a 17 a\u00f1os): <strong>5\u20ac<\/strong> No incluye vino<\/span><\/p>\n<p>[\/et_pb_blurb][\/et_pb_column][et_pb_column type=\u00bb1_4&#8243; _builder_version=\u00bb4.22.1&#8243; _module_preset=\u00bbdefault\u00bb global_colors_info=\u00bb{}\u00bb][et_pb_blurb title=\u00bbInformaci\u00f3n adicional\u00bb use_icon=\u00bbon\u00bb font_icon=\u00bb&#xf129;||fa||900&#8243; icon_color=\u00bb#000000&#8243; _builder_version=\u00bb4.22.1&#8243; _module_preset=\u00bbdefault\u00bb header_font=\u00bbAlata|700|||||||\u00bb header_text_align=\u00bbcenter\u00bb header_font_size=\u00bb22px\u00bb body_text_align=\u00bbcenter\u00bb body_line_height=\u00bb2em\u00bb body_link_font=\u00bb|600|||||||\u00bb body_link_text_color=\u00bb#000000&#8243; custom_padding=\u00bb||2px|||\u00bb global_colors_info=\u00bb{}\u00bb]<\/p>\n<p><span style=\"color: #000000;\">Consulte disponibilidad en el tel\u00e9fono <a href=\"tel:0034977821313\">977821313<\/a> o bien por correo a <a href=\"activitats@montsantnatura.cat\">activitats@montsantnatura.cat<\/a><\/span><\/p>\n<p>[\/et_pb_blurb][\/et_pb_column][\/et_pb_row][et_pb_row _builder_version=\u00bb4.16&#8243; global_colors_info=\u00bb{}\u00bb][et_pb_column type=\u00bb4_4&#8243; _builder_version=\u00bb4.16&#8243; custom_padding=\u00bb|||\u00bb global_colors_info=\u00bb{}\u00bb custom_padding__hover=\u00bb|||\u00bb][\/et_pb_column][\/et_pb_row][et_pb_row _builder_version=\u00bb4.16&#8243; global_colors_info=\u00bb{}\u00bb][et_pb_column type=\u00bb4_4&#8243; _builder_version=\u00bb4.16&#8243; custom_padding=\u00bb|||\u00bb global_colors_info=\u00bb{}\u00bb custom_padding__hover=\u00bb|||\u00bb][et_pb_code _builder_version=\u00bb4.16&#8243; global_colors_info=\u00bb{}\u00bb]<iframe loading=\"lazy\" width=\"560\" height=\"315\" src=\"https:\/\/www.youtube.com\/embed\/YHVJOZzySmA?controls=0\" frameborder=\"0\" allow=\"accelerometer; autoplay; encrypted-media; gyroscope; picture-in-picture\" allowfullscreen=\"\"><\/iframe>[\/et_pb_code][\/et_pb_column][\/et_pb_row][\/et_pb_section][et_pb_section fb_built=\u00bb1&#8243; _builder_version=\u00bb4.22.1&#8243; background_enable_color=\u00bboff\u00bb global_colors_info=\u00bb{}\u00bb][et_pb_row _builder_version=\u00bb4.22.1&#8243; background_color=\u00bb#f3f3f3&#8243; background_size=\u00bbinitial\u00bb background_position=\u00bbtop_left\u00bb background_repeat=\u00bbrepeat\u00bb border_radii=\u00bboff|25px|25px||\u00bb global_colors_info=\u00bb{}\u00bb][et_pb_column type=\u00bb4_4&#8243; _builder_version=\u00bb4.16&#8243; custom_padding=\u00bb|||\u00bb global_colors_info=\u00bb{}\u00bb custom_padding__hover=\u00bb|||\u00bb][et_pb_text _builder_version=\u00bb4.22.1&#8243; header_3_font=\u00bbAlata|700|||||||\u00bb header_3_text_color=\u00bb#000000&#8243; header_3_font_size=\u00bb26px\u00bb background_size=\u00bbinitial\u00bb background_position=\u00bbtop_left\u00bb background_repeat=\u00bbrepeat\u00bb global_colors_info=\u00bb{}\u00bb]<\/p>\n<h3 style=\"text-align: center;\">\u00bfTienes alguna duda? Cont\u00e1ctanos!<\/h3>\n<p>[\/et_pb_text][\/et_pb_column][\/et_pb_row][et_pb_row column_structure=\u00bb1_3,1_3,1_3&#8243; _builder_version=\u00bb4.22.1&#8243; background_color=\u00bb#f3f3f3&#8243; background_size=\u00bbinitial\u00bb background_position=\u00bbtop_left\u00bb background_repeat=\u00bbrepeat\u00bb border_radii=\u00bboff|||25px|25px\u00bb global_colors_info=\u00bb{}\u00bb][et_pb_column type=\u00bb1_3&#8243; _builder_version=\u00bb4.16&#8243; custom_padding=\u00bb|||\u00bb global_colors_info=\u00bb{}\u00bb custom_padding__hover=\u00bb|||\u00bb][et_pb_blurb title=\u00bbactivitats@montsantnatura.cat\u00bb use_icon=\u00bbon\u00bb font_icon=\u00bb&#xf0e0;||fa||400&#8243; icon_color=\u00bb#000000&#8243; image_icon_width=\u00bb75px\u00bb _builder_version=\u00bb4.22.1&#8243; _module_preset=\u00bbdefault\u00bb header_font=\u00bbAlata|700|||||||\u00bb header_text_align=\u00bbcenter\u00bb header_font_size=\u00bb20px\u00bb body_text_align=\u00bbcenter\u00bb body_line_height=\u00bb2em\u00bb link_option_url=\u00bbmailto:activitats@montsantnatura.cat\u00bb global_colors_info=\u00bb{}\u00bb][\/et_pb_blurb][\/et_pb_column][et_pb_column type=\u00bb1_3&#8243; _builder_version=\u00bb4.16&#8243; custom_padding=\u00bb|||\u00bb global_colors_info=\u00bb{}\u00bb custom_padding__hover=\u00bb|||\u00bb][et_pb_blurb title=\u00bb977 82 13 13&#8243; use_icon=\u00bbon\u00bb font_icon=\u00bb&#xf879;||fa||900&#8243; icon_color=\u00bb#000000&#8243; image_icon_width=\u00bb75px\u00bb _builder_version=\u00bb4.22.1&#8243; _module_preset=\u00bbdefault\u00bb header_font=\u00bbAlata|700|||||||\u00bb header_text_align=\u00bbcenter\u00bb header_font_size=\u00bb20px\u00bb body_text_align=\u00bbcenter\u00bb body_line_height=\u00bb2em\u00bb link_option_url=\u00bbtel:0034977821313&#8243; global_colors_info=\u00bb{}\u00bb][\/et_pb_blurb][\/et_pb_column][et_pb_column type=\u00bb1_3&#8243; _builder_version=\u00bb4.16&#8243; custom_padding=\u00bb|||\u00bb global_colors_info=\u00bb{}\u00bb custom_padding__hover=\u00bb|||\u00bb][et_pb_blurb title=\u00bbWhatsApp\u00bb use_icon=\u00bbon\u00bb font_icon=\u00bb&#xf232;||fa||400&#8243; icon_color=\u00bb#000000&#8243; image_icon_width=\u00bb75px\u00bb _builder_version=\u00bb4.27.4&#8243; _module_preset=\u00bbdefault\u00bb header_font=\u00bbAlata|700|||||||\u00bb header_text_align=\u00bbcenter\u00bb header_font_size=\u00bb20px\u00bb body_text_align=\u00bbcenter\u00bb body_line_height=\u00bb2em\u00bb link_option_url=\u00bbhttps:\/\/wa.me\/34676152382&#8243; link_option_url_new_window=\u00bbon\u00bb global_colors_info=\u00bb{}\u00bb][\/et_pb_blurb][\/et_pb_column][\/et_pb_row][\/et_pb_section]<\/p>\n","protected":false},"excerpt":{"rendered":"<p>EL ARTE DE HACER VINO es una experiencia enotur\u00edstica exclusiva para grupos de m\u00e1s de 20 personas , pensada para aquellos que desea descubrir el mundo del vino desde una perspectiva cultural, hist\u00f3rica y arquitect\u00f3nica. Esta actividad le invita a adentrarse en un espacio \u00fanico del Priorat: la Bodega Cooperativa de Cornudella de Montsant , [&hellip;]<\/p>\n","protected":false},"author":1,"featured_media":0,"parent":3331,"menu_order":0,"comment_status":"closed","ping_status":"closed","template":"","meta":{"_acf_changed":false,"_et_pb_use_builder":"on","_et_pb_old_content":"","_et_gb_content_width":"","footnotes":""},"class_list":["post-3349","page","type-page","status-publish","hentry"],"acf":[],"_links":{"self":[{"href":"https:\/\/cellercornudella.cat\/es\/wp-json\/wp\/v2\/pages\/3349","targetHints":{"allow":["GET"]}}],"collection":[{"href":"https:\/\/cellercornudella.cat\/es\/wp-json\/wp\/v2\/pages"}],"about":[{"href":"https:\/\/cellercornudella.cat\/es\/wp-json\/wp\/v2\/types\/page"}],"author":[{"embeddable":true,"href":"https:\/\/cellercornudella.cat\/es\/wp-json\/wp\/v2\/users\/1"}],"replies":[{"embeddable":true,"href":"https:\/\/cellercornudella.cat\/es\/wp-json\/wp\/v2\/comments?post=3349"}],"version-history":[{"count":3,"href":"https:\/\/cellercornudella.cat\/es\/wp-json\/wp\/v2\/pages\/3349\/revisions"}],"predecessor-version":[{"id":13082,"href":"https:\/\/cellercornudella.cat\/es\/wp-json\/wp\/v2\/pages\/3349\/revisions\/13082"}],"up":[{"embeddable":true,"href":"https:\/\/cellercornudella.cat\/es\/wp-json\/wp\/v2\/pages\/3331"}],"wp:attachment":[{"href":"https:\/\/cellercornudella.cat\/es\/wp-json\/wp\/v2\/media?parent=3349"}],"curies":[{"name":"wp","href":"https:\/\/api.w.org\/{rel}","templated":true}]}}