{"id":12527,"date":"2025-06-17T19:18:52","date_gmt":"2025-06-17T17:18:52","guid":{"rendered":"https:\/\/cellercornudella.cat\/?post_type=product&#038;p=12527"},"modified":"2025-06-17T19:57:39","modified_gmt":"2025-06-17T17:57:39","slug":"seleccion-de-costers-2019-copia","status":"publish","type":"product","link":"https:\/\/cellercornudella.cat\/es\/producte\/seleccion-de-costers-2019-copia\/","title":{"rendered":"Castell de Siurana"},"content":{"rendered":"<p><strong>NOTA DE CATA<\/strong><br \/>\n El Castell de Siurana es un vino expresivo y equilibrado, donde la fruta y la crianza conviven en armon\u00eda. En la copa presenta un color rojo picota con reflejos rub\u00ed, brillante y vivo, que transmite frescura a pesar de su envejecimiento en bota. En nariz es intenso y profundo, con una combinaci\u00f3n de fruta roja y negra madura, aromas de fresita de bosque y de confituras, acompa\u00f1adas por notas bals\u00e1micas y florales. La madera est\u00e1 presente, con matices torrefactos y especiados, pero sin predominar sobre la fruta, sino complement\u00e1ndola con elegancia. En boca se muestra vivo y fresco, con una acidez equilibrada que le da energ\u00eda y profundidad. Es estructurado untuoso, con un final persistente y armonioso que mantiene el recuerdo de los aromas frutales y tostados.     <\/p>\n","protected":false},"excerpt":{"rendered":"<p class=\"et_pb_module_header\">Cosecha: 2022<br \/>\n Variedades: garnacha tinta y cari\u00f1ena<br \/>\n Envejecimiento: 12 meses en barrica de roble franc\u00e9s.<\/p>\n","protected":false},"featured_media":12530,"comment_status":"closed","ping_status":"closed","template":"","meta":{"_acf_changed":false,"_et_pb_use_builder":"","_et_pb_old_content":"","_et_gb_content_width":""},"product_brand":[],"product_cat":[229,36,232],"product_tag":[],"class_list":{"0":"post-12527","1":"product","2":"type-product","3":"status-publish","4":"has-post-thumbnail","6":"product_cat-producto_bodega","7":"product_cat-tienda_online","8":"product_cat-vino","10":"first","11":"instock","12":"featured","13":"taxable","14":"shipping-taxable","15":"purchasable","16":"product-type-simple"},"acf":[],"_links":{"self":[{"href":"https:\/\/cellercornudella.cat\/es\/wp-json\/wp\/v2\/product\/12527","targetHints":{"allow":["GET"]}}],"collection":[{"href":"https:\/\/cellercornudella.cat\/es\/wp-json\/wp\/v2\/product"}],"about":[{"href":"https:\/\/cellercornudella.cat\/es\/wp-json\/wp\/v2\/types\/product"}],"replies":[{"embeddable":true,"href":"https:\/\/cellercornudella.cat\/es\/wp-json\/wp\/v2\/comments?post=12527"}],"wp:featuredmedia":[{"embeddable":true,"href":"https:\/\/cellercornudella.cat\/es\/wp-json\/wp\/v2\/media\/12530"}],"wp:attachment":[{"href":"https:\/\/cellercornudella.cat\/es\/wp-json\/wp\/v2\/media?parent=12527"}],"wp:term":[{"taxonomy":"product_brand","embeddable":true,"href":"https:\/\/cellercornudella.cat\/es\/wp-json\/wp\/v2\/product_brand?post=12527"},{"taxonomy":"product_cat","embeddable":true,"href":"https:\/\/cellercornudella.cat\/es\/wp-json\/wp\/v2\/product_cat?post=12527"},{"taxonomy":"product_tag","embeddable":true,"href":"https:\/\/cellercornudella.cat\/es\/wp-json\/wp\/v2\/product_tag?post=12527"}],"curies":[{"name":"wp","href":"https:\/\/api.w.org\/{rel}","templated":true}]}}