{"id":12705,"date":"2025-08-04T17:08:56","date_gmt":"2025-08-04T15:08:56","guid":{"rendered":"https:\/\/cellercornudella.cat\/?post_type=product&#038;p=12705"},"modified":"2025-08-04T17:36:44","modified_gmt":"2025-08-04T15:36:44","slug":"castell-de-siurana-copia","status":"publish","type":"product","link":"https:\/\/cellercornudella.cat\/es\/producte\/castell-de-siurana-copia\/","title":{"rendered":"Lote Castell de Siurana y Castell de Falset"},"content":{"rendered":"<p>En el Priorat existen dos catedrales del vino que unen patrimonio y tradici\u00f3n vitivin\u00edcola: la de la Cooperativa Falset Mar\u00e7\u00e0 y la de la Cooperativa de Cornudella.<br \/>\nCada pueblo cuenta con una bodega cooperativa modernista y un castillo medieval lleno de historia. As\u00ed, hemos hermanado dos vinos emblem\u00e1ticos para homenajear los a\u00f1os de esfuerzo y compromiso con el territorio. <\/p>\n<p>El <strong>Castell de Falset<\/strong> es un vino cl\u00e1sico de la bodega, elaborado con garnacha, cabernet sauvignon y syrah. Las variedades se han vinificado por separado con t\u00e9cnicas diferentes y crianza en distintos tipos de bota.<br \/>\nTiene color rub\u00ed, aromas de fruta madura y especias, y una boca estructurada y suave.<br \/>\nMarida especialmente bien con platos de la cocina tradicional catalana como asados o estofados. <\/p>\n<p>El <strong>Castell de Siurana<\/strong> se elabora con garnacha y cari\u00f1ena de vi\u00f1edos viejos, con crianza en roble franc\u00e9s.<br \/>\nTiene un color rojo intenso, que combina frescura, fruta negra y notas de crianza con toques bals\u00e1micos y tostados.<br \/>\nUn vino ideal para acompa\u00f1ar con platos de pasta, as\u00ed como con carnes de ternera, cordero o aves.<\/p>\n<p>El lote incluye una botella de cada vino y dos copas.<\/p>\n","protected":false},"excerpt":{"rendered":"<p>En el Priorat existen dos catedrales del vino que unen patrimonio y tradici\u00f3n vitivin\u00edcola: la de la Cooperativa Falset Mar\u00e7\u00e0 y la de la Cooperativa de Cornudella.<br \/>\nCada pueblo cuenta con una bodega cooperativa modernista y un castillo medieval lleno de historia. As\u00ed, hemos hermanado dos vinos emblem\u00e1ticos para homenajear los a\u00f1os de esfuerzo y compromiso con el territorio. <\/p>\n<p>El <strong>Castell de Falset<\/strong> es un vino cl\u00e1sico de la bodega, elaborado con garnacha, cabernet sauvignon y syrah. Las variedades se han vinificado por separado con t\u00e9cnicas diferentes y crianza en distintos tipos de bota.<br \/>\nTiene color rub\u00ed, aromas de fruta madura y especias, y una boca estructurada y suave.<br \/>\nMarida especialmente bien con platos de la cocina tradicional catalana como asados o estofados. <\/p>\n<p>El <strong>Castell de Siurana<\/strong> se elabora con garnacha y cari\u00f1ena de vi\u00f1edos viejos, con crianza en roble franc\u00e9s.<br \/>\nTiene un color rojo intenso, que combina frescura, fruta negra y notas de crianza con toques bals\u00e1micos y tostados.<br \/>\nUn vino ideal para acompa\u00f1ar con platos de pasta, as\u00ed como con carnes de ternera, cordero o aves.<\/p>\n<p>El lote incluye una botella de cada vino y dos copas.<\/p>\n","protected":false},"featured_media":12673,"comment_status":"closed","ping_status":"closed","template":"","meta":{"_acf_changed":false,"_et_pb_use_builder":"","_et_pb_old_content":"","_et_gb_content_width":""},"product_brand":[],"product_cat":[229,36,232],"product_tag":[],"class_list":{"0":"post-12705","1":"product","2":"type-product","3":"status-publish","4":"has-post-thumbnail","6":"product_cat-producto_bodega","7":"product_cat-tienda_online","8":"product_cat-vino","10":"first","11":"instock","12":"featured","13":"taxable","14":"shipping-taxable","15":"purchasable","16":"product-type-simple"},"acf":[],"_links":{"self":[{"href":"https:\/\/cellercornudella.cat\/es\/wp-json\/wp\/v2\/product\/12705","targetHints":{"allow":["GET"]}}],"collection":[{"href":"https:\/\/cellercornudella.cat\/es\/wp-json\/wp\/v2\/product"}],"about":[{"href":"https:\/\/cellercornudella.cat\/es\/wp-json\/wp\/v2\/types\/product"}],"replies":[{"embeddable":true,"href":"https:\/\/cellercornudella.cat\/es\/wp-json\/wp\/v2\/comments?post=12705"}],"wp:featuredmedia":[{"embeddable":true,"href":"https:\/\/cellercornudella.cat\/es\/wp-json\/wp\/v2\/media\/12673"}],"wp:attachment":[{"href":"https:\/\/cellercornudella.cat\/es\/wp-json\/wp\/v2\/media?parent=12705"}],"wp:term":[{"taxonomy":"product_brand","embeddable":true,"href":"https:\/\/cellercornudella.cat\/es\/wp-json\/wp\/v2\/product_brand?post=12705"},{"taxonomy":"product_cat","embeddable":true,"href":"https:\/\/cellercornudella.cat\/es\/wp-json\/wp\/v2\/product_cat?post=12705"},{"taxonomy":"product_tag","embeddable":true,"href":"https:\/\/cellercornudella.cat\/es\/wp-json\/wp\/v2\/product_tag?post=12705"}],"curies":[{"name":"wp","href":"https:\/\/api.w.org\/{rel}","templated":true}]}}