{"id":12849,"date":"2025-11-12T21:08:47","date_gmt":"2025-11-12T19:08:47","guid":{"rendered":"https:\/\/cellercornudella.cat\/?post_type=product&#038;p=12849"},"modified":"2025-11-12T21:12:54","modified_gmt":"2025-11-12T19:12:54","slug":"adultos-%c2%b7-desayuno-popular-de-la-fiesta-de-las-cosechas-2025-copia","status":"publish","type":"product","link":"https:\/\/cellercornudella.cat\/es\/producte\/adultos-%c2%b7-desayuno-popular-de-la-fiesta-de-las-cosechas-2025-copia\/","title":{"rendered":"ADULTOS \u00b7 Desayuno Popular de la Fiesta de las Cosechas 2025 (C\u00f2pia)"},"content":{"rendered":"<p data-start=\"957\" data-end=\"995\"><strong data-start=\"960\" data-end=\"983\">El ticket de adultos incluye:<\/strong><br \/>\n \u00b7 Pan tostado con aceite nuevo del molino<br \/>\n \u00b7 Salchich\u00f3n y tocino de cerdo ecol\u00f3gico a la brasa<br \/>\n \u00b7 Copa de vino de la Bodega Cooperativa de Cornudella<br \/>\n \u00b7 Postre de la tierra<\/p>\n<p data-start=\"1339\" data-end=\"1526\">El desayuno tendr\u00e1 lugar en el exterior de la bodega, en un ambiente festivo y familiar, con <strong data-start=\"1424\" data-end=\"1460\">buena m\u00fasica, vinos<\/strong> , visitas express y una <strong data-start=\"1484\" data-end=\"1523\">barra de vinos con @thewinetruck.cat<\/strong> .<\/p>\n<p data-start=\"1528\" data-end=\"1773\">\u00a1No te lo pierdas! Reserva tu ticket con antelaci\u00f3n (las plazas son limitadas) y vive una experiencia gastron\u00f3mica \u00fanica en el coraz\u00f3n del <strong data-start=\"1659\" data-end=\"1670\">Priorat<\/strong> .<br data-start=\"1671\" data-end=\"1674\"> Un homenaje a los sabores aut\u00e9nticos, al trabajo del campo y al valor de compartir mesa y territorio. <\/p>\n<p data-start=\"1775\" data-end=\"1927\"><strong data-start=\"1779\" data-end=\"1807\">Compra ahora tu ticket<\/strong> y ven a celebrar con nosotros la <strong data-start=\"1843\" data-end=\"1873\">Fiesta de las Cosechas 2025<\/strong> en la <strong data-start=\"1877\" data-end=\"1924\">Bodega Cooperativa de Cornudella de Montsant<\/strong> .<\/p>\n","protected":false},"excerpt":{"rendered":"<p data-start=\"475\" data-end=\"716\">El <strong data-start=\"478\" data-end=\"495\">7 de diciembre<\/strong> , dentro de la <strong data-start=\"505\" data-end=\"536\">Gran Fiesta de Cosechas 2025<\/strong> de la <strong data-start=\"541\" data-end=\"588\">Bodega Cooperativa de Cornudella de Montsant<\/strong> , te invitamos a empezar el d\u00eda con el mejor sabor del Priorat: \u00a1un <strong data-start=\"656\" data-end=\"676\">desayuno popular<\/strong> de pay\u00e9s para chuparse los dedos!<\/p>\n<p data-start=\"718\" data-end=\"955\">Ven a disfrutar del <strong data-start=\"736\" data-end=\"763\">primer aceite nuevo del molino<\/strong> , reci\u00e9n salido de la prensa, con pan tostado crujiente y productos de proximidad. Una ma\u00f1ana de brasas, aromas y buena compa\u00f1\u00eda al pie del Montsant, celebrando la nueva cosecha de aceitunas y vino. <\/p>\n","protected":false},"featured_media":12845,"comment_status":"closed","ping_status":"closed","template":"","meta":{"_acf_changed":false,"_et_pb_use_builder":"","_et_pb_old_content":"","_et_gb_content_width":""},"product_brand":[],"product_cat":[229,36,232],"product_tag":[],"class_list":{"0":"post-12849","1":"product","2":"type-product","3":"status-publish","4":"has-post-thumbnail","6":"product_cat-producto_bodega","7":"product_cat-tienda_online","8":"product_cat-vino","10":"first","11":"outofstock","12":"featured","13":"virtual","14":"taxable","15":"purchasable","16":"product-type-simple"},"acf":[],"_links":{"self":[{"href":"https:\/\/cellercornudella.cat\/es\/wp-json\/wp\/v2\/product\/12849","targetHints":{"allow":["GET"]}}],"collection":[{"href":"https:\/\/cellercornudella.cat\/es\/wp-json\/wp\/v2\/product"}],"about":[{"href":"https:\/\/cellercornudella.cat\/es\/wp-json\/wp\/v2\/types\/product"}],"replies":[{"embeddable":true,"href":"https:\/\/cellercornudella.cat\/es\/wp-json\/wp\/v2\/comments?post=12849"}],"wp:featuredmedia":[{"embeddable":true,"href":"https:\/\/cellercornudella.cat\/es\/wp-json\/wp\/v2\/media\/12845"}],"wp:attachment":[{"href":"https:\/\/cellercornudella.cat\/es\/wp-json\/wp\/v2\/media?parent=12849"}],"wp:term":[{"taxonomy":"product_brand","embeddable":true,"href":"https:\/\/cellercornudella.cat\/es\/wp-json\/wp\/v2\/product_brand?post=12849"},{"taxonomy":"product_cat","embeddable":true,"href":"https:\/\/cellercornudella.cat\/es\/wp-json\/wp\/v2\/product_cat?post=12849"},{"taxonomy":"product_tag","embeddable":true,"href":"https:\/\/cellercornudella.cat\/es\/wp-json\/wp\/v2\/product_tag?post=12849"}],"curies":[{"name":"wp","href":"https:\/\/api.w.org\/{rel}","templated":true}]}}