{"id":12899,"date":"2025-12-03T01:25:35","date_gmt":"2025-12-02T23:25:35","guid":{"rendered":"https:\/\/cellercornudella.cat\/?post_type=product&#038;p=12899"},"modified":"2025-12-06T12:52:11","modified_gmt":"2025-12-06T10:52:11","slug":"castell-de-siurana-copia-2","status":"publish","type":"product","link":"https:\/\/cellercornudella.cat\/es\/producte\/castell-de-siurana-copia-2\/","title":{"rendered":"Vino Novel 2025"},"content":{"rendered":"<p>Vino fresco, vivo, afrutado y muy arom\u00e1tico elaborado con variedades aut\u00f3ctonas del t\u00e9rmino de Cornudella de Montsant. Se trata de un vino que expresa a la perfecci\u00f3n las principales caracter\u00edsticas de la uva cultivada en nuestra zona: frescura, acidez y vivacidad; atributos t\u00edpicos de los vi\u00f1edos cultivados entre valles, r\u00edos, barrancos y laderas monta\u00f1osas que, sumadas a la altura ya la variabilidad de suelos, describen a la perfecci\u00f3n el t\u00e9rmino de nuestra villa que se enmarca en medio de la Sierra del Montsant y las Monta\u00f1as de Prades. <\/p>\n<p>As\u00ed pues, este vino novel presenta un intenso color rojizo-viol\u00e1ceo que nos indica la juventud y vivacidad de este vino. Tambi\u00e9n presenta aromas de fruta roja fresca reci\u00e9n cosechada, principalmente de fresas y frambuesas, con unas notas l\u00e1cticas de fondo que a\u00fan lo hacen m\u00e1s agradable cuando ponemos la nariz. A nivel de paladar nos muestra suavidad y mucha frescura, con una acidez bien marcada, t\u00edpica de nuestra zona, y un sabor intenso que va en sinton\u00eda con los aromas descritos anteriormente, como si se mordiera una fruta roja reci\u00e9n cosechada.  <\/p>\n","protected":false},"excerpt":{"rendered":"<p class=\"et_pb_module_header\">Cosecha: 2025<br \/>\n Variedades: Garnacha tinta y Syrah<\/p>\n","protected":false},"featured_media":12902,"comment_status":"closed","ping_status":"closed","template":"","meta":{"_acf_changed":false,"_et_pb_use_builder":"","_et_pb_old_content":"","_et_gb_content_width":""},"product_brand":[],"product_cat":[229,36,232],"product_tag":[],"class_list":{"0":"post-12899","1":"product","2":"type-product","3":"status-publish","4":"has-post-thumbnail","6":"product_cat-producto_bodega","7":"product_cat-tienda_online","8":"product_cat-vino","10":"first","11":"outofstock","12":"featured","13":"taxable","14":"shipping-taxable","15":"purchasable","16":"product-type-simple"},"acf":[],"_links":{"self":[{"href":"https:\/\/cellercornudella.cat\/es\/wp-json\/wp\/v2\/product\/12899","targetHints":{"allow":["GET"]}}],"collection":[{"href":"https:\/\/cellercornudella.cat\/es\/wp-json\/wp\/v2\/product"}],"about":[{"href":"https:\/\/cellercornudella.cat\/es\/wp-json\/wp\/v2\/types\/product"}],"replies":[{"embeddable":true,"href":"https:\/\/cellercornudella.cat\/es\/wp-json\/wp\/v2\/comments?post=12899"}],"wp:featuredmedia":[{"embeddable":true,"href":"https:\/\/cellercornudella.cat\/es\/wp-json\/wp\/v2\/media\/12902"}],"wp:attachment":[{"href":"https:\/\/cellercornudella.cat\/es\/wp-json\/wp\/v2\/media?parent=12899"}],"wp:term":[{"taxonomy":"product_brand","embeddable":true,"href":"https:\/\/cellercornudella.cat\/es\/wp-json\/wp\/v2\/product_brand?post=12899"},{"taxonomy":"product_cat","embeddable":true,"href":"https:\/\/cellercornudella.cat\/es\/wp-json\/wp\/v2\/product_cat?post=12899"},{"taxonomy":"product_tag","embeddable":true,"href":"https:\/\/cellercornudella.cat\/es\/wp-json\/wp\/v2\/product_tag?post=12899"}],"curies":[{"name":"wp","href":"https:\/\/api.w.org\/{rel}","templated":true}]}}