{"id":3456,"date":"2023-08-28T23:46:42","date_gmt":"2023-08-28T21:46:42","guid":{"rendered":"https:\/\/cellercornudella.cat\/producte\/las-troyas-negro-2022-lote-03-23\/"},"modified":"2023-10-04T19:42:19","modified_gmt":"2023-10-04T17:42:19","slug":"las-troyas-negro-2022-lote-03-23","status":"publish","type":"product","link":"https:\/\/cellercornudella.cat\/es\/producte\/las-troyas-negro-2022-lote-03-23\/","title":{"rendered":"Les Troies negro 2022 lote. 03\/23"},"content":{"rendered":"<p><strong>NOTA DE CATA<\/strong><br \/>\n<strong>Vista:<\/strong> Color intenso, vivo, con tonos azulados y morados que indican que se trata de un vino joven.<br \/>\n<strong>Nariz:<\/strong> Fruta roja \u00e1cida, ara\u00f1ones, frambuesas y especias.<br \/>\n<strong>Boca:<\/strong> Sensaci\u00f3n de dulzura, mucha frescura, recuerdos de frambuesa \u00e1cida, especiados cl\u00e1sicos de la garnacha, pimienta negra y regaliz.<\/p>\n","protected":false},"excerpt":{"rendered":"<p class=\"et_pb_module_header\">Cosecha: 2022<br \/>\nVariedades: 70% garnacha y 30% cari\u00f1ena<br \/>\nCrianza: sin crianza en bota<\/p>\n","protected":false},"featured_media":11738,"comment_status":"closed","ping_status":"closed","template":"","meta":{"_acf_changed":false,"_et_pb_use_builder":"","_et_pb_old_content":"","_et_gb_content_width":""},"product_brand":[],"product_cat":[229,36,232],"product_tag":[],"class_list":{"0":"post-3456","1":"product","2":"type-product","3":"status-publish","4":"has-post-thumbnail","6":"product_cat-producto_bodega","7":"product_cat-tienda_online","8":"product_cat-vino","10":"first","11":"instock","12":"taxable","13":"shipping-taxable","14":"purchasable","15":"product-type-simple"},"acf":[],"_links":{"self":[{"href":"https:\/\/cellercornudella.cat\/es\/wp-json\/wp\/v2\/product\/3456","targetHints":{"allow":["GET"]}}],"collection":[{"href":"https:\/\/cellercornudella.cat\/es\/wp-json\/wp\/v2\/product"}],"about":[{"href":"https:\/\/cellercornudella.cat\/es\/wp-json\/wp\/v2\/types\/product"}],"replies":[{"embeddable":true,"href":"https:\/\/cellercornudella.cat\/es\/wp-json\/wp\/v2\/comments?post=3456"}],"wp:featuredmedia":[{"embeddable":true,"href":"https:\/\/cellercornudella.cat\/es\/wp-json\/wp\/v2\/media\/11738"}],"wp:attachment":[{"href":"https:\/\/cellercornudella.cat\/es\/wp-json\/wp\/v2\/media?parent=3456"}],"wp:term":[{"taxonomy":"product_brand","embeddable":true,"href":"https:\/\/cellercornudella.cat\/es\/wp-json\/wp\/v2\/product_brand?post=3456"},{"taxonomy":"product_cat","embeddable":true,"href":"https:\/\/cellercornudella.cat\/es\/wp-json\/wp\/v2\/product_cat?post=3456"},{"taxonomy":"product_tag","embeddable":true,"href":"https:\/\/cellercornudella.cat\/es\/wp-json\/wp\/v2\/product_tag?post=3456"}],"curies":[{"name":"wp","href":"https:\/\/api.w.org\/{rel}","templated":true}]}}