{"id":3461,"date":"2023-08-28T23:46:18","date_gmt":"2023-08-28T21:46:18","guid":{"rendered":"https:\/\/cellercornudella.cat\/producte\/castell-siurana-licor-garnatxa-lot-05-22\/"},"modified":"2023-08-28T23:46:18","modified_gmt":"2023-08-28T21:46:18","slug":"castillo-siurana-vino-dulce-natural-lote-05-22","status":"publish","type":"product","link":"https:\/\/cellercornudella.cat\/es\/producte\/castillo-siurana-vino-dulce-natural-lote-05-22\/","title":{"rendered":"Castell Siurana Licor Garnatxa Lot. 05\/22"},"content":{"rendered":"<p><strong>NOTA DE CATA<\/strong><br \/>\n<strong>Vista:<\/strong> Brillante y denso atendido en los az\u00facares naturales, l\u00e1grimas glic\u00e9ricas.<br \/>\n<strong>Nariz:<\/strong> Evoluci\u00f3n, dulzura, recuerdos de miel y anises.<br \/>\n<strong>Boca:<\/strong> Dulzura contenida acompa\u00f1ada de frescura. Largo y persistente.<\/p>\n","protected":false},"excerpt":{"rendered":"<p>Cosecha: 2018<br \/>\nVariedades: 100% garnacha roja<br \/>\nCrianza: 12 meses<\/p>\n","protected":false},"featured_media":1212,"comment_status":"closed","ping_status":"closed","template":"","meta":{"_acf_changed":false,"_et_pb_use_builder":"","_et_pb_old_content":"","_et_gb_content_width":""},"product_brand":[],"product_cat":[],"product_tag":[],"class_list":{"0":"post-3461","1":"product","2":"type-product","3":"status-publish","4":"has-post-thumbnail","7":"first","8":"outofstock","9":"featured","10":"taxable","11":"shipping-taxable","12":"purchasable","13":"product-type-simple"},"acf":[],"_links":{"self":[{"href":"https:\/\/cellercornudella.cat\/es\/wp-json\/wp\/v2\/product\/3461","targetHints":{"allow":["GET"]}}],"collection":[{"href":"https:\/\/cellercornudella.cat\/es\/wp-json\/wp\/v2\/product"}],"about":[{"href":"https:\/\/cellercornudella.cat\/es\/wp-json\/wp\/v2\/types\/product"}],"replies":[{"embeddable":true,"href":"https:\/\/cellercornudella.cat\/es\/wp-json\/wp\/v2\/comments?post=3461"}],"wp:featuredmedia":[{"embeddable":true,"href":"https:\/\/cellercornudella.cat\/es\/wp-json\/wp\/v2\/media\/1212"}],"wp:attachment":[{"href":"https:\/\/cellercornudella.cat\/es\/wp-json\/wp\/v2\/media?parent=3461"}],"wp:term":[{"taxonomy":"product_brand","embeddable":true,"href":"https:\/\/cellercornudella.cat\/es\/wp-json\/wp\/v2\/product_brand?post=3461"},{"taxonomy":"product_cat","embeddable":true,"href":"https:\/\/cellercornudella.cat\/es\/wp-json\/wp\/v2\/product_cat?post=3461"},{"taxonomy":"product_tag","embeddable":true,"href":"https:\/\/cellercornudella.cat\/es\/wp-json\/wp\/v2\/product_tag?post=3461"}],"curies":[{"name":"wp","href":"https:\/\/api.w.org\/{rel}","templated":true}]}}