{"id":3463,"date":"2023-08-28T23:46:41","date_gmt":"2023-08-28T21:46:41","guid":{"rendered":"https:\/\/cellercornudella.cat\/producte\/8c-blanco-2019-lote-0720\/"},"modified":"2023-08-28T23:46:41","modified_gmt":"2023-08-28T21:46:41","slug":"8c-blanco-2019-lote-0720","status":"publish","type":"product","link":"https:\/\/cellercornudella.cat\/es\/producte\/8c-blanco-2019-lote-0720\/","title":{"rendered":"8C+ blanco 2019 lote. 0720"},"content":{"rendered":"<p><strong>NOTA DE CATA <\/strong><br \/>\n<strong>Vista:<\/strong> Vista: Limpio, brillante, capa media, con tonos viol\u00e1ceos y vivos.<br \/>\n<strong>Nariz<\/strong>: Fresco y especiado. Notas bals\u00e1micas y silvestres de la cari\u00f1ena, aromas de fruta roja m\u00e1s madura.<br \/>\n<strong>Boca<\/strong>: Intensa, manteniendo la frescura. Sabores de moras, ara\u00f1ones, especias de regaliz, canela y pimienta.<\/p>\n","protected":false},"excerpt":{"rendered":"<p>Cosecha: 2019<br \/>\nVariedades: 83% macabeo y 17% garnacha roja<br \/>\nCrianza: sin 6 meses en barrica de roble<\/p>\n","protected":false},"featured_media":11747,"comment_status":"closed","ping_status":"closed","template":"","meta":{"_acf_changed":false,"_et_pb_use_builder":"on","_et_pb_old_content":"","_et_gb_content_width":""},"product_brand":[],"product_cat":[229,36,232],"product_tag":[],"class_list":{"0":"post-3463","1":"product","2":"type-product","3":"status-publish","4":"has-post-thumbnail","6":"product_cat-producto_bodega","7":"product_cat-tienda_online","8":"product_cat-vino","10":"first","11":"instock","12":"featured","13":"taxable","14":"shipping-taxable","15":"purchasable","16":"product-type-simple"},"acf":[],"_links":{"self":[{"href":"https:\/\/cellercornudella.cat\/es\/wp-json\/wp\/v2\/product\/3463","targetHints":{"allow":["GET"]}}],"collection":[{"href":"https:\/\/cellercornudella.cat\/es\/wp-json\/wp\/v2\/product"}],"about":[{"href":"https:\/\/cellercornudella.cat\/es\/wp-json\/wp\/v2\/types\/product"}],"replies":[{"embeddable":true,"href":"https:\/\/cellercornudella.cat\/es\/wp-json\/wp\/v2\/comments?post=3463"}],"wp:featuredmedia":[{"embeddable":true,"href":"https:\/\/cellercornudella.cat\/es\/wp-json\/wp\/v2\/media\/11747"}],"wp:attachment":[{"href":"https:\/\/cellercornudella.cat\/es\/wp-json\/wp\/v2\/media?parent=3463"}],"wp:term":[{"taxonomy":"product_brand","embeddable":true,"href":"https:\/\/cellercornudella.cat\/es\/wp-json\/wp\/v2\/product_brand?post=3463"},{"taxonomy":"product_cat","embeddable":true,"href":"https:\/\/cellercornudella.cat\/es\/wp-json\/wp\/v2\/product_cat?post=3463"},{"taxonomy":"product_tag","embeddable":true,"href":"https:\/\/cellercornudella.cat\/es\/wp-json\/wp\/v2\/product_tag?post=3463"}],"curies":[{"name":"wp","href":"https:\/\/api.w.org\/{rel}","templated":true}]}}